{"id":111,"date":"2024-12-13T18:56:33","date_gmt":"2024-12-13T17:56:33","guid":{"rendered":"https:\/\/atellet.se\/?page_id=111"},"modified":"2025-01-08T17:54:44","modified_gmt":"2025-01-08T16:54:44","slug":"tillvalsmeny","status":"publish","type":"page","link":"https:\/\/atellet.se\/en\/tillvalsmeny\/","title":{"rendered":"Options menu"},"content":{"rendered":"<div class=\"wp-block-group alignwide has-global-padding is-layout-constrained wp-block-group-is-layout-constrained\">\n<div class=\"wp-block-columns alignwide is-layout-flex wp-container-core-columns-is-layout-28f84493 wp-block-columns-is-layout-flex\">\n<div class=\"wp-block-column is-layout-flow wp-block-column-is-layout-flow\">\n<h1 class=\"wp-block-heading\">Options menu<\/h1>\n\n\n\n<p>Add the finishing touch to your stay by ordering something good to eat or drink in your room. We can arrange most things from our drinks menu, so if you don't find anything that fits below, you can take a look at our drinks menu. A selection of the menu below can be added when you book a room online via our website. If you have already booked a room and wish to add something, email us at&nbsp;<a rel=\"noreferrer noopener\" href=\"mailto:info@atellet.se\" target=\"_blank\">info@atellet.se<\/a>.<\/p>\n\n\n\n<h2 class=\"wp-block-heading\">Good to eat<\/h2>\n\n\n\n<ul class=\"wp-block-list\">\n<li>Charc plate - charcuterie, cheese, olives, marcona almonds and country chips 225 kr<\/li>\n\n\n\n<li>Toffee and sea salt truffles 45 kr<\/li>\n\n\n\n<li>Small fruit platter filled with a variety of fresh fruits and berries 150 SEK<\/li>\n<\/ul>\n\n\n\n<h2 class=\"wp-block-heading\">Good to drink<\/h2>\n\n\n\n<ul class=\"wp-block-list\">\n<li>Galipette apple cider brut 80 kr<\/li>\n\n\n\n<li>Sparkling wine small bottles (20 cl) 125 kr each<\/li>\n\n\n\n<li>Campo viejo Cava Brut Reserva, Macabeo\/Xarel-lo\/Parellada, Pen\u00e9des, Spain 600 kr<\/li>\n\n\n\n<li>NV Ayala Brut Majeur Champagne Pinot Noir\/Chardonnay\/Pinot Meunier, France 900 kr<\/li>\n<\/ul>\n\n\n\n<h3 class=\"wp-block-heading\">Non-alcoholic<\/h3>\n\n\n\n<ul class=\"wp-block-list\">\n<li>Soft drinks Coca Cola\/Cola Zero\/Fanta\/Sprite 45 kr<\/li>\n\n\n\n<li>Oddbird Blanc de Blancs 0% Sparkling 85 kr<\/li>\n\n\n\n<li>Galipette Cider 0% 65 kr<\/li>\n\n\n\n<li>Source IPA non-alcoholic 0,5% 65 kr<\/li>\n\n\n\n<li>Brewmaster's non-alcoholic 0,5% 65 kr<\/li>\n<\/ul>\n<\/div>\n\n\n\n<div class=\"wp-block-column is-layout-flow wp-block-column-is-layout-flow\">\n<div class=\"wp-block-group is-vertical is-layout-flex wp-container-core-group-is-layout-fe9cc265 wp-block-group-is-layout-flex\">\n<figure class=\"wp-block-image size-full\"><img decoding=\"async\" width=\"563\" height=\"844\" src=\"https:\/\/atellet.se\/wp-content\/uploads\/2024\/12\/Vip.jpg.webp\" alt=\"\" class=\"wp-image-112\" style=\"aspect-ratio:3\/4;object-fit:cover\" srcset=\"https:\/\/atellet.se\/wp-content\/uploads\/2024\/12\/Vip.jpg.webp 563w, https:\/\/atellet.se\/wp-content\/uploads\/2024\/12\/Vip.jpg-200x300.webp 200w\" sizes=\"(max-width: 563px) 100vw, 563px\" \/><\/figure>\n\n\n\n<figure class=\"wp-block-image size-full\"><img decoding=\"async\" width=\"1024\" height=\"683\" src=\"https:\/\/atellet.se\/wp-content\/uploads\/2024\/12\/202A8756-1024x683.jpg.webp\" alt=\"\" class=\"wp-image-113\" style=\"aspect-ratio:4\/3;object-fit:cover\" srcset=\"https:\/\/atellet.se\/wp-content\/uploads\/2024\/12\/202A8756-1024x683.jpg.webp 1024w, https:\/\/atellet.se\/wp-content\/uploads\/2024\/12\/202A8756-1024x683.jpg-300x200.webp 300w, https:\/\/atellet.se\/wp-content\/uploads\/2024\/12\/202A8756-1024x683.jpg-768x512.webp 768w\" sizes=\"(max-width: 1024px) 100vw, 1024px\" \/><\/figure>\n<\/div>\n<\/div>\n<\/div>\n<\/div>","protected":false},"excerpt":{"rendered":"<p>Tillvalsmeny S\u00e4tt guldkant p\u00e5 din vistelse genom att best\u00e4ll upp n\u00e5got gott att \u00e4ta eller dricka p\u00e5 rummet. Vi kan ordna det mesta fr\u00e5n v\u00e5r dryckesmeny s\u00e5 hittar du inget som passar nedan s\u00e5 kan du kika p\u00e5 v\u00e5r&nbsp;dryckesmeny. Ett urval av nedan menyn g\u00e5r att l\u00e4gga till n\u00e4r du bokar rum online via v\u00e5r [&hellip;]<\/p>\n","protected":false},"author":1,"featured_media":0,"parent":0,"menu_order":0,"comment_status":"closed","ping_status":"closed","template":"","meta":{"_gspb_post_css":"","greyd_block_editor_preview":[],"iawp_total_views":1498,"footnotes":""},"class_list":["post-111","page","type-page","status-publish","hentry"],"_links":{"self":[{"href":"https:\/\/atellet.se\/en\/wp-json\/wp\/v2\/pages\/111","targetHints":{"allow":["GET"]}}],"collection":[{"href":"https:\/\/atellet.se\/en\/wp-json\/wp\/v2\/pages"}],"about":[{"href":"https:\/\/atellet.se\/en\/wp-json\/wp\/v2\/types\/page"}],"author":[{"embeddable":true,"href":"https:\/\/atellet.se\/en\/wp-json\/wp\/v2\/users\/1"}],"replies":[{"embeddable":true,"href":"https:\/\/atellet.se\/en\/wp-json\/wp\/v2\/comments?post=111"}],"version-history":[{"count":0,"href":"https:\/\/atellet.se\/en\/wp-json\/wp\/v2\/pages\/111\/revisions"}],"wp:attachment":[{"href":"https:\/\/atellet.se\/en\/wp-json\/wp\/v2\/media?parent=111"}],"curies":[{"name":"wp","href":"https:\/\/api.w.org\/{rel}","templated":true}]}}