{"id":122,"date":"2024-12-13T19:04:02","date_gmt":"2024-12-13T18:04:02","guid":{"rendered":"https:\/\/atellet.se\/?page_id=122"},"modified":"2026-04-30T10:23:32","modified_gmt":"2026-04-30T08:23:32","slug":"happenings","status":"publish","type":"page","link":"https:\/\/atellet.se\/en\/happenings\/","title":{"rendered":"Happenings"},"content":{"rendered":"<div class=\"wp-block-group alignwide has-global-padding is-content-justification-center is-layout-constrained wp-block-group-is-layout-constrained\">\n<div class=\"wp-block-columns alignwide is-layout-flex wp-container-core-columns-is-layout-28f84493 wp-block-columns-is-layout-flex\">\n<div class=\"wp-block-column col-12 col-sm-auto is-layout-flow wp-block-column-is-layout-flow\">\n<h1 class=\"wp-block-heading has-large-font-size\" id=\"happenings-pa-atellet\">Happenings at \u00c5tellet<\/h1>\n\n\n\n<h4 class=\"wp-block-heading\" id=\"after-work-alla-dagar-kl-15-19-med-bra-priser-i-baren\">After work alla dagar kl 15-19 med bra priser i baren!<\/h4>\n\n\n\n<p>17 april &#8211; AW spelning med Why Not kl 17.00-20.00<\/p>\n\n\n\n<p>18 april &#8211; Tokl\u00f6rdag<\/p>\n\n\n\n<p>23 april Gastronomi Roslagen <\/p>\n\n\n\n<p>30 april Valborgsmeny<\/p>\n\n\n\n<p>15 maj-Schlager AW med Live Duon kl 16.00-19.00, kom g\u00e4rna kl\u00e4dd i n\u00e5got glittrigt<\/p>\n\n\n\n<p>29 maj &#8211; Marknadsafton och AW-spelning med Ola Pettersson 16:00-19:00<\/p>\n\n\n\n<p>30 maj- Smaka p\u00e5 Norrtelje (matpromenad i samarbete med matmilen)<\/p>\n\n\n\n<p>31 maj &#8211; Morsdag meny<\/p>\n\n\n\n<p>3 juni &#8211; \u00c5tellets Restaurang abonnerad<\/p>\n\n\n\n<p>5 juni &#8211; AW med DJ Luca<\/p>\n\n\n\n<p>6 juni &#8211; Custom Bike Show<\/p>\n\n\n\n<p>18-22 juni &#8211; MIDSOMMARST\u00c4NGT<\/p>\n\n\n\n<p>2 juli- Spelning med Ola Pettersson 19:00-22:00<\/p>\n\n\n\n<p>10 juli- spelning med Kenta och Ubbe kl 17.00-20.00<\/p>\n\n\n\n<p>11 juli &#8211; American Car Show <\/p>\n\n\n\n<p>18 juli- Spelning med Live Duon kl 20.00-23.00<\/p>\n\n\n\n<p>6 aug- Spelning med Live Duon kl 19.00-22.00<\/p>\n\n\n\n<p>15 aug &#8211; Norrt\u00e4lje Pride Festival<\/p>\n\n\n\n<p>19 sep &#8211; Tokl\u00f6rdag<\/p>\n\n\n\n<p>17 okt &#8211; Tokl\u00f6rdag<\/p>\n\n\n\n<p>22 okt &#8211; Tjejkv\u00e4ll<\/p>\n<\/div>\n\n\n\n<div class=\"wp-block-column col-12 col-sm-auto is-layout-flow wp-block-column-is-layout-flow\">\n<figure class=\"wp-block-image size-full\"><img decoding=\"async\" width=\"1024\" height=\"683\" src=\"https:\/\/atellet.se\/wp-content\/uploads\/2024\/12\/Verandan-Atellet-1024x683.jpg.webp\" alt=\"\" class=\"wp-image-123\" srcset=\"https:\/\/atellet.se\/wp-content\/uploads\/2024\/12\/Verandan-Atellet-1024x683.jpg.webp 1024w, https:\/\/atellet.se\/wp-content\/uploads\/2024\/12\/Verandan-Atellet-1024x683.jpg-300x200.webp 300w, https:\/\/atellet.se\/wp-content\/uploads\/2024\/12\/Verandan-Atellet-1024x683.jpg-768x512.webp 768w\" sizes=\"(max-width: 1024px) 100vw, 1024px\" \/><\/figure>\n\n\n\n<h2 class=\"wp-block-heading\" id=\"schackpub-varje-tisdag-18-00-20-00\">Chess pub every Tuesday 18:00 - 20:00 <\/h2>\n\n\n\n<ul class=\"wp-block-list\">\n<li>Everyone is welcome.<\/li>\n\n\n\n<li>Lessons for beginners.<\/li>\n<\/ul>\n\n\n\n<figure class=\"wp-block-gallery has-nested-images columns-default is-cropped wp-block-gallery-1 is-layout-flex wp-block-gallery-is-layout-flex\">\n<figure class=\"wp-block-image size-large\"><img decoding=\"async\" width=\"766\" height=\"1024\" data-id=\"790\" src=\"https:\/\/atellet.se\/wp-content\/uploads\/2025\/01\/IMG_4278-766x1024.jpeg\" alt=\"\" class=\"wp-image-790\" srcset=\"https:\/\/atellet.se\/wp-content\/uploads\/2025\/01\/IMG_4278-766x1024.jpeg 766w, https:\/\/atellet.se\/wp-content\/uploads\/2025\/01\/IMG_4278-224x300.jpeg 224w, https:\/\/atellet.se\/wp-content\/uploads\/2025\/01\/IMG_4278-768x1027.jpeg 768w, https:\/\/atellet.se\/wp-content\/uploads\/2025\/01\/IMG_4278-1149x1536.jpeg 1149w, https:\/\/atellet.se\/wp-content\/uploads\/2025\/01\/IMG_4278-9x12.jpeg 9w, https:\/\/atellet.se\/wp-content\/uploads\/2025\/01\/IMG_4278.jpeg 1436w\" sizes=\"(max-width: 766px) 100vw, 766px\" \/><\/figure>\n\n\n\n<figure class=\"wp-block-image size-large\"><img decoding=\"async\" width=\"766\" height=\"1024\" data-id=\"789\" src=\"https:\/\/atellet.se\/wp-content\/uploads\/2025\/01\/IMG_4277-766x1024.jpeg\" alt=\"\" class=\"wp-image-789\" srcset=\"https:\/\/atellet.se\/wp-content\/uploads\/2025\/01\/IMG_4277-766x1024.jpeg 766w, https:\/\/atellet.se\/wp-content\/uploads\/2025\/01\/IMG_4277-224x300.jpeg 224w, https:\/\/atellet.se\/wp-content\/uploads\/2025\/01\/IMG_4277-768x1027.jpeg 768w, https:\/\/atellet.se\/wp-content\/uploads\/2025\/01\/IMG_4277-1149x1536.jpeg 1149w, https:\/\/atellet.se\/wp-content\/uploads\/2025\/01\/IMG_4277-9x12.jpeg 9w, https:\/\/atellet.se\/wp-content\/uploads\/2025\/01\/IMG_4277.jpeg 1436w\" sizes=\"(max-width: 766px) 100vw, 766px\" \/><\/figure>\n\n\n\n<figure class=\"wp-block-image size-large\"><img decoding=\"async\" width=\"766\" height=\"1024\" data-id=\"791\" src=\"https:\/\/atellet.se\/wp-content\/uploads\/2025\/01\/IMG_4186-766x1024.jpeg\" alt=\"\" class=\"wp-image-791\" srcset=\"https:\/\/atellet.se\/wp-content\/uploads\/2025\/01\/IMG_4186-766x1024.jpeg 766w, https:\/\/atellet.se\/wp-content\/uploads\/2025\/01\/IMG_4186-224x300.jpeg 224w, https:\/\/atellet.se\/wp-content\/uploads\/2025\/01\/IMG_4186-768x1027.jpeg 768w, https:\/\/atellet.se\/wp-content\/uploads\/2025\/01\/IMG_4186-1149x1536.jpeg 1149w, https:\/\/atellet.se\/wp-content\/uploads\/2025\/01\/IMG_4186-9x12.jpeg 9w, https:\/\/atellet.se\/wp-content\/uploads\/2025\/01\/IMG_4186.jpeg 1436w\" sizes=\"(max-width: 766px) 100vw, 766px\" \/><\/figure>\n<\/figure>\n<\/div>\n<\/div>\n\n\n\n<p><\/p>\n\n\n\n<p><\/p>\n<\/div>","protected":false},"excerpt":{"rendered":"<p>Happenings p\u00e5 \u00c5tellet After work alla dagar kl 15-19 med bra priser i baren! 17 april &#8211; AW spelning med Why Not kl 17.00-20.00 18 april &#8211; Tokl\u00f6rdag 23 april Gastronomi Roslagen 30 april Valborgsmeny 15 maj-Schlager AW med Live Duon kl 16.00-19.00, kom g\u00e4rna kl\u00e4dd i n\u00e5got glittrigt 29 maj &#8211; Marknadsafton och AW-spelning [&hellip;]<\/p>\n","protected":false},"author":1,"featured_media":0,"parent":0,"menu_order":0,"comment_status":"closed","ping_status":"closed","template":"","meta":{"_gspb_post_css":"","greyd_block_editor_preview":[],"iawp_total_views":6057,"footnotes":""},"class_list":["post-122","page","type-page","status-publish","hentry"],"_links":{"self":[{"href":"https:\/\/atellet.se\/en\/wp-json\/wp\/v2\/pages\/122","targetHints":{"allow":["GET"]}}],"collection":[{"href":"https:\/\/atellet.se\/en\/wp-json\/wp\/v2\/pages"}],"about":[{"href":"https:\/\/atellet.se\/en\/wp-json\/wp\/v2\/types\/page"}],"author":[{"embeddable":true,"href":"https:\/\/atellet.se\/en\/wp-json\/wp\/v2\/users\/1"}],"replies":[{"embeddable":true,"href":"https:\/\/atellet.se\/en\/wp-json\/wp\/v2\/comments?post=122"}],"version-history":[{"count":0,"href":"https:\/\/atellet.se\/en\/wp-json\/wp\/v2\/pages\/122\/revisions"}],"wp:attachment":[{"href":"https:\/\/atellet.se\/en\/wp-json\/wp\/v2\/media?parent=122"}],"curies":[{"name":"wp","href":"https:\/\/api.w.org\/{rel}","templated":true}]}}