{"id":130,"date":"2024-12-13T19:07:11","date_gmt":"2024-12-13T18:07:11","guid":{"rendered":"https:\/\/atellet.se\/?page_id=130"},"modified":"2024-12-14T20:03:56","modified_gmt":"2024-12-14T19:03:56","slug":"konferens","status":"publish","type":"page","link":"https:\/\/atellet.se\/en\/konferens\/","title":{"rendered":"Conference"},"content":{"rendered":"<div class=\"wp-block-group alignwide has-global-padding is-layout-constrained wp-block-group-is-layout-constrained\">\n<div class=\"wp-block-columns alignwide is-layout-flex wp-container-core-columns-is-layout-28f84493 wp-block-columns-is-layout-flex\">\n<div class=\"wp-block-column is-layout-flow wp-block-column-is-layout-flow\">\n<h1 class=\"wp-block-heading\">Meetings &amp; Conferences<\/h1>\n\n\n\n<p>We offer your conference centrally located in Norrt\u00e4lje with proximity to golf courses, fishing and beach in the summer.<\/p>\n\n\n\n<p>Less than an hour from Stockholm, 50 minutes from Arlanda. The venue is close to most things. That's one of the reasons that makes it so suitable for conferences here. For conference guests who want to get away from whiteboards and power points, there are many opportunities. 8 golf courses within half an hour, fishing and swimming in the summer, boat trips to Saltkr\u00e5kan, \u00c4ngs\u00f6 and Siar\u00f6fortet, hiking along Roslagsleden, long-distance skating when the ice holds, shopping, art exhibitions in a high-class art gallery and much more.<\/p>\n\n\n\n<p>The second reason, we hope, will be \u00c5tellet's cozy environment, friendly staff and good food enjoyed in our restaurant. Feel free to check out our menu!<\/p>\n\n\n\n<figure class=\"wp-block-image size-full\"><img decoding=\"async\" width=\"1024\" height=\"683\" src=\"https:\/\/atellet.se\/wp-content\/uploads\/2024\/12\/atellet-konferens-1024x683.jpeg.webp\" alt=\"\" class=\"wp-image-132\" srcset=\"https:\/\/atellet.se\/wp-content\/uploads\/2024\/12\/atellet-konferens-1024x683.jpeg.webp 1024w, https:\/\/atellet.se\/wp-content\/uploads\/2024\/12\/atellet-konferens-1024x683.jpeg-300x200.webp 300w, https:\/\/atellet.se\/wp-content\/uploads\/2024\/12\/atellet-konferens-1024x683.jpeg-768x512.webp 768w\" sizes=\"(max-width: 1024px) 100vw, 1024px\" \/><\/figure>\n<\/div>\n\n\n\n<div class=\"wp-block-column is-layout-flow wp-block-column-is-layout-flow\">\n<h2 class=\"wp-block-heading\">Submit your conference request today!<\/h2>\n\n\n\n<p>Contact us and we will help you organize a great meeting or conference. Fill in the form below and we'll get back to you as soon as we can or send a message to info@atellet.se<\/p>\n\n\n<div class='fluentform ff-default fluentform_wrapper_3  ff_guten_block ff_guten_block-3 ffs_default_wrap'><form data-form_id=\"3\" id=\"fluentform_3\" class=\"frm-fluent-form fluent_form_3 ff-el-form-top ff_form_instance_3_1 ff-form-loading ffs_default\" data-form_instance=\"ff_form_instance_3_1\" method=\"POST\" action=\"\" ><fieldset  style=\"border: none!important;margin: 0!important;padding: 0!important;background-color: transparent!important;box-shadow: none!important;outline: none!important; min-inline-size: 100%;\">\n                    <legend class=\"ff_screen_reader_title\" style=\"display: block; margin: 0!important;padding: 0!important;height: 0!important;text-indent: -999999px;width: 0!important;overflow:hidden;\">Conference<\/legend><input type='hidden' name='__fluent_form_embded_post_id' value='130' \/><input type=\"hidden\" id=\"_fluentform_3_fluentformnonce\" name=\"_fluentform_3_fluentformnonce\" value=\"269d872939\" \/><input type=\"hidden\" name=\"_wp_http_referer\" value=\"\/en\/wp-json\/wp\/v2\/pages\/130\" \/><div data-name=\"ff_cn_id_1\"  class='ff-t-container ff-column-container ff_columns_total_2'><div class='ff-t-cell ff-t-column-1' style='flex-basis: 50%;'><div class='ff-el-group ff-el-form-top'><div class=\"ff-el-input--label ff-el-is-required asterisk-right\"><label for='ff_3_fullstandigt_namn_3' id='label_ff_3_fullstandigt_namn_3' aria-label=\"Full name\">Full name<\/label><\/div><div class='ff-el-input--content'><input type=\"text\" name=\"fullstandigt_namn_3\" class=\"ff-el-form-control\" id=\"ff_3_fullstandigt_namn_3\" data-name=\"fullstandigt_namn_3\"  aria-invalid=\"false\" aria-required=\"true\"><\/div><\/div><\/div><div class='ff-t-cell ff-t-column-2' style='flex-basis: 50%;'><div class='ff-el-group ff-el-form-top'><div class=\"ff-el-input--label ff-el-is-required asterisk-right\"><label for='ff_3_foretag_1' id='label_ff_3_foretag_1' aria-label=\"Company\">Company<\/label><\/div><div class='ff-el-input--content'><input type=\"text\" name=\"foretag_1\" class=\"ff-el-form-control\" id=\"ff_3_foretag_1\" data-name=\"foretag_1\"  aria-invalid=\"false\" aria-required=\"true\"><\/div><\/div><\/div><\/div><div class='ff-el-group ff-el-form-top'><div class=\"ff-el-input--label ff-el-is-required asterisk-right\"><label for='ff_3_e_postadress_5' id='label_ff_3_e_postadress_5' aria-label=\"E-mail address\">E-mail address<\/label><\/div><div class='ff-el-input--content'><input type=\"email\" name=\"e_postadress_5\" class=\"ff-el-form-control\" id=\"ff_3_e_postadress_5\" data-name=\"e_postadress_5\"  aria-invalid=\"false\" aria-required=\"true\"><\/div><\/div><div class='ff-el-group'><div class=\"ff-el-input--label ff-el-is-required asterisk-right\"><label for='ff_3_input_text' id='label_ff_3_input_text' aria-label=\"Mobile phone number\">Mobile phone number<\/label><\/div><div class='ff-el-input--content'><input type=\"text\" name=\"input_text\" class=\"ff-el-form-control\" data-name=\"input_text\" id=\"ff_3_input_text\"  aria-invalid=\"false\" aria-required=\"true\"><\/div><\/div><div data-name=\"ff_cn_id_2\"  class='ff-t-container ff-column-container ff_columns_total_2'><div class='ff-t-cell ff-t-column-1' style='flex-basis: 50%;'><div class='ff-el-group ff-el-form-top'><div class=\"ff-el-input--label ff-el-is-required asterisk-right\"><label for='ff_3_ankomstdatum_6' id='label_ff_3_ankomstdatum_6' aria-label=\"Arrival date\">Arrival date<\/label><\/div><div class='ff-el-input--content'><input  aria-label='Arrival date Use arrow keys to navigate dates. Press enter to select a date.'  aria-haspopup='dialog' data-type-datepicker data-format='' name=\"ankomstdatum_6\" type=\"text\" class=\"ff-el-form-control ff-el-datepicker\" id=\"ff_3_ankomstdatum_6\" data-name=\"ankomstdatum_6\"  aria-invalid='false' aria-required=\"true\"><\/div><\/div><\/div><div class='ff-t-cell ff-t-column-2' style='flex-basis: 50%;'><div class='ff-el-group ff-el-form-top'><div class=\"ff-el-input--label ff-el-is-required asterisk-right\"><label for='ff_3_avresedatum_7' id='label_ff_3_avresedatum_7' aria-label=\"Departure date\">Departure date<\/label><\/div><div class='ff-el-input--content'><input  aria-label='Departure date Use arrow keys to navigate dates. Press enter to select a date.'  aria-haspopup='dialog' data-type-datepicker data-format='' name=\"avresedatum_7\" type=\"text\" class=\"ff-el-form-control ff-el-datepicker\" id=\"ff_3_avresedatum_7\" data-name=\"avresedatum_7\"  aria-invalid='false' aria-required=\"true\"><\/div><\/div><\/div><\/div><div class='ff-el-group ff-el-form-top'><div class=\"ff-el-input--label ff-el-is-required asterisk-right\"><label for='ff_3_antal_deltagare_8' id='label_ff_3_antal_deltagare_8' aria-label=\"Number of participants\">Number of participants<\/label><\/div><div class='ff-el-input--content'><input type=\"number\" name=\"antal_deltagare_8\" id=\"ff_3_antal_deltagare_8\" class=\"ff-el-form-control\" data-name=\"antal_deltagare_8\" inputmode=\"numeric\" step=\"1\"  aria-invalid=\"false\" aria-required=\"true\"><\/div><\/div><div class='ff-el-group ff-el-form-top'><div class=\"ff-el-input--label ff-el-is-required asterisk-right\"><label for='ff_3_valj_om_ni_onskar_nagot_konferenspaket_9' id='label_ff_3_valj_om_ni_onskar_nagot_konferenspaket_9' aria-label=\"Choose if you want a conference package\">Choose if you want a conference package<\/label><\/div><div class='ff-el-input--content'><select name=\"valj_om_ni_onskar_nagot_konferenspaket_9\" class=\"ff-el-form-control\" id=\"ff_3_valj_om_ni_onskar_nagot_konferenspaket_9\" data-name=\"valj_om_ni_onskar_nagot_konferenspaket_9\" data-calc_value=\"0\"  aria-invalid=\"false\" aria-required=\"true\" aria-labelledby=\"label_ff_3_valj_om_ni_onskar_nagot_konferenspaket_9\"><option value=\"Heldagspaket (fm fika, lunch, em fika &amp; lokalhyra)\"  >Full day package (fm coffee, lunch, em coffee &amp; room rental)<\/option><option value=\"Halvdagspaket (fm fika, lunch &amp; lokalhyra)\"  >Half-day package (coffee, lunch &amp; room rental)<\/option><option value=\"Endast m\u00f6teslokal\"  >Meeting room only<\/option><option value=\"M\u00f6teslokal &amp; en fika\"  >Meeting room &amp; a coffee break<\/option><option value=\"M\u00f6teslokal &amp; lunch\"  >Meeting room &amp; lunch<\/option><option value=\"M\u00f6teslokal &amp; middag\"  >Meeting room &amp; dinner<\/option><option value=\"Helpension (Heldagskonferens med middag och \u00f6vernattning)\"  >Full board (Full day conference with dinner and overnight stay)<\/option><\/select><\/div><\/div><div class='ff-el-group ff-el-form-top'><div class=\"ff-el-input--label asterisk-right\"><label for='ff_3_antal_overnattande_deltagare_10' id='label_ff_3_antal_overnattande_deltagare_10' aria-label=\"Number of overnight participants\">Number of overnight participants<\/label><\/div><div class='ff-el-input--content'><input type=\"number\" name=\"antal_overnattande_deltagare_10\" id=\"ff_3_antal_overnattande_deltagare_10\" class=\"ff-el-form-control\" data-name=\"antal_overnattande_deltagare_10\" inputmode=\"numeric\" step=\"1\"  aria-invalid=\"false\" aria-required=\"false\"><\/div><\/div><div class='ff-el-group ff-el-form-top'><div class=\"ff-el-input--label asterisk-right\"><label for='ff_3_sarskilda_onskemal_eller_kommentarer_11' id='label_ff_3_sarskilda_onskemal_eller_kommentarer_11' aria-label=\"Specific requests or comments\">Specific requests or comments<\/label><\/div><div class='ff-el-input--content'><textarea aria-required=\"false\" aria-labelledby=\"label_ff_3_sarskilda_onskemal_eller_kommentarer_11\" name=\"sarskilda_onskemal_eller_kommentarer_11\" class=\"ff-el-form-control\" id=\"ff_3_sarskilda_onskemal_eller_kommentarer_11\" cols=\"2\" data-name=\"sarskilda_onskemal_eller_kommentarer_11\" ><\/textarea><\/div><\/div><div class='ff-el-group ff-text-left ff_submit_btn_wrapper'><button type=\"submit\" class=\"ff-btn ff-btn-submit ff-btn-md ff_btn_style wpf_has_custom_css\"  aria-label=\"Send a conference request\">Send a conference request<\/button><\/div><\/fieldset><input type=\"hidden\" name=\"trp-form-language\" value=\"en\"\/><\/form><div id='fluentform_3_errors' class='ff-errors-in-stack ff_form_instance_3_1 ff-form-loading_errors ff_form_instance_3_1_errors'><\/div><\/div>            <script type=\"text\/javascript\">\n                window.fluent_form_ff_form_instance_3_1 = {\"id\":\"3\",\"ajaxUrl\":\"https:\\\/\\\/atellet.se\\\/wp-admin\\\/admin-ajax.php\",\"settings\":{\"layout\":{\"labelPlacement\":\"top\",\"helpMessagePlacement\":\"with_label\",\"errorMessagePlacement\":\"inline\",\"cssClassName\":\"\",\"asteriskPlacement\":\"asterisk-right\"},\"restrictions\":{\"denyEmptySubmission\":{\"enabled\":false}}},\"form_instance\":\"ff_form_instance_3_1\",\"form_id_selector\":\"fluentform_3\",\"rules\":{\"fullstandigt_namn_3\":{\"required\":{\"value\":true,\"message\":\"This field is required\",\"global\":false,\"global_message\":\"This field is required\"}},\"foretag_1\":{\"required\":{\"value\":true,\"message\":\"This field is required\",\"global\":false,\"global_message\":\"This field is required\"}},\"e_postadress_5\":{\"required\":{\"value\":true,\"message\":\"This field is required\",\"global\":false,\"global_message\":\"This field is required\"},\"email\":{\"value\":1,\"message\":\"This field must contain a valid email\",\"global\":false,\"global_message\":\"This field must contain a valid email\"}},\"input_text\":{\"required\":{\"value\":true,\"message\":\"This field is required\",\"global_message\":\"This field is required\",\"global\":true}},\"ankomstdatum_6\":{\"required\":{\"value\":true,\"message\":\"This field is required\",\"global\":false,\"global_message\":\"This field is required\"}},\"avresedatum_7\":{\"required\":{\"value\":true,\"message\":\"This field is required\",\"global\":false,\"global_message\":\"This field is required\"}},\"antal_deltagare_8\":{\"required\":{\"value\":true,\"message\":\"This field is required\",\"global\":false,\"global_message\":\"This field is required\"},\"numeric\":{\"value\":true,\"message\":\"This field must contain numeric value\",\"global\":false,\"global_message\":\"This field must contain numeric value\"},\"min\":{\"value\":\"\",\"message\":\"Minimum value is \",\"global\":false,\"global_message\":\"Validation fails for minimum value\"},\"max\":{\"value\":\"\",\"message\":\"Maximum value is \",\"global\":false,\"global_message\":\"Validation fails for maximum value\"}},\"valj_om_ni_onskar_nagot_konferenspaket_9\":{\"required\":{\"value\":true,\"message\":\"This field is required\",\"global\":false,\"global_message\":\"This field is required\"}},\"antal_overnattande_deltagare_10\":{\"required\":{\"value\":false,\"message\":\"This field is required\",\"global\":false,\"global_message\":\"This field is required\"},\"numeric\":{\"value\":true,\"message\":\"This field must contain numeric value\",\"global\":false,\"global_message\":\"This field must contain numeric value\"},\"min\":{\"value\":\"\",\"message\":\"Minimum value is \",\"global\":false,\"global_message\":\"Validation fails for minimum value\"},\"max\":{\"value\":\"\",\"message\":\"Maximum value is \",\"global\":false,\"global_message\":\"Validation fails for maximum value\"}},\"sarskilda_onskemal_eller_kommentarer_11\":{\"required\":{\"value\":false,\"message\":\"This field is required\",\"global\":false,\"global_message\":\"This field is required\"}}},\"debounce_time\":300};\n                            <\/script>\n            <\/div>\n<\/div>\n<\/div>","protected":false},"excerpt":{"rendered":"<p>M\u00f6te &amp; Konferens Vi erbjuder er konferens centralt belagt i Norrt\u00e4lje med n\u00e4rhet till golfbanor, fiske och badstrand p\u00e5 sommaren. Mindre \u00e4n en timme fr\u00e5n Stockholm, 50 minuter fr\u00e5n Arlanda. \u00c5tellet ligger n\u00e4ra det mesta. Det \u00e4r en av anledningarna som g\u00f6r det s\u00e5 l\u00e4mpligt att konferera h\u00e4r. F\u00f6r konferensg\u00e4ster som vill komma bort fr\u00e5n [&hellip;]<\/p>\n","protected":false},"author":1,"featured_media":0,"parent":0,"menu_order":0,"comment_status":"closed","ping_status":"closed","template":"","meta":{"_gspb_post_css":"","greyd_block_editor_preview":[],"iawp_total_views":547,"footnotes":""},"class_list":["post-130","page","type-page","status-publish","hentry"],"_links":{"self":[{"href":"https:\/\/atellet.se\/en\/wp-json\/wp\/v2\/pages\/130","targetHints":{"allow":["GET"]}}],"collection":[{"href":"https:\/\/atellet.se\/en\/wp-json\/wp\/v2\/pages"}],"about":[{"href":"https:\/\/atellet.se\/en\/wp-json\/wp\/v2\/types\/page"}],"author":[{"embeddable":true,"href":"https:\/\/atellet.se\/en\/wp-json\/wp\/v2\/users\/1"}],"replies":[{"embeddable":true,"href":"https:\/\/atellet.se\/en\/wp-json\/wp\/v2\/comments?post=130"}],"version-history":[{"count":0,"href":"https:\/\/atellet.se\/en\/wp-json\/wp\/v2\/pages\/130\/revisions"}],"wp:attachment":[{"href":"https:\/\/atellet.se\/en\/wp-json\/wp\/v2\/media?parent=130"}],"curies":[{"name":"wp","href":"https:\/\/api.w.org\/{rel}","templated":true}]}}