{"id":1428,"date":"2025-09-23T14:37:45","date_gmt":"2025-09-23T12:37:45","guid":{"rendered":"https:\/\/atellet.se\/?page_id=1428"},"modified":"2025-09-23T16:33:52","modified_gmt":"2025-09-23T14:33:52","slug":"gastronomi-roslagen","status":"publish","type":"page","link":"https:\/\/atellet.se\/en\/gastronomi-roslagen\/","title":{"rendered":"Gastronomy Roslagen"},"content":{"rendered":"<div class=\"wp-block-group has-global-padding is-layout-constrained wp-block-group-is-layout-constrained\">\n<figure class=\"wp-block-image size-full\"><img decoding=\"async\" width=\"1024\" height=\"683\" src=\"https:\/\/atellet.se\/wp-content\/uploads\/2024\/12\/vinglas-med-logga-1024x683.jpg.webp\" alt=\"\u00c5tellet, vinglas\" class=\"wp-image-298\" srcset=\"https:\/\/atellet.se\/wp-content\/uploads\/2024\/12\/vinglas-med-logga-1024x683.jpg.webp 1024w, https:\/\/atellet.se\/wp-content\/uploads\/2024\/12\/vinglas-med-logga-1024x683.jpg-300x200.webp 300w, https:\/\/atellet.se\/wp-content\/uploads\/2024\/12\/vinglas-med-logga-1024x683.jpg-768x512.webp 768w\" sizes=\"(max-width: 1024px) 100vw, 1024px\" \/><\/figure>\n\n\n\n<h1 class=\"wp-block-heading\" id=\"gastronomi-roslagen\"><strong>Gastronomy Roslagen<\/strong><\/h1>\n\n\n\n<p>Roslagen is a place where the sea meets the forest and the land - a region that offers raw materials of the highest quality and a culinary tradition with deep roots. Here, small-scale fishing, local farms, the flavors of the archipelago and the wild berry and mushroom forests combine to create a vibrant food culture.<\/p>\n\n\n\n<p>At \u00c5tellet we want to be a natural meeting place for <strong>Gastronomy Roslagen<\/strong>. We let the seasonal ingredients take their place and are inspired by the region's rich pantry. This menu will reflect the variety and diversity that Roslagen offers - artisanal products from passionate producers.<\/p>\n\n\n\n<p>Welcome to discover <strong>Gastronomy Roslagen<\/strong> at \u00c5tellet - where local traditions meet modern culinary delights.<\/p>\n\n\n\n<p>Served on October 30, 2025 at 17-19 895 kr <\/p>\n\n\n\n<p>Freshly baked brioche bread, beetroot butter<\/p>\n\n\n\n<p>Broccoli flower, jalapeno, puffed rice, sesame<\/p>\n\n\n\n<p>Chorizo croquettes, parmesan, carrot, chili<\/p>\n\n\n\n<p>Tartelette, lobster, harissa, apple<\/p>\n\n\n\n<p>Ravioli, mushroom velout\u00e9, enoki, sage<\/p>\n\n\n\n<p>\u00a0Blue mussels, romesco sauce, leek, chili<\/p>\n\n\n\n<p>Lobster, lobster veloute, kohlrabi, yuzu<\/p>\n\n\n\n<p>Steamed cod, beurre blanc, trout roe, truffles<\/p>\n\n\n\n<p>Butter roasted duck breast, orange sauce, parsnip, endive<\/p>\n\n\n\n<p>Sirloin steak, cherry sauce, pommes Anna, parmesan<\/p>\n\n\n\n<p>Yogurt panna cotta, mango curd, pistachio, meringue<\/p>\n<\/div>\n\n\n\n<p><\/p>","protected":false},"excerpt":{"rendered":"<p>Gastronomi Roslagen Roslagen \u00e4r en plats d\u00e4r hav m\u00f6ter skog och jord \u2013 en region som bjuder p\u00e5 r\u00e5varor av h\u00f6gsta kvalitet och en kulinarisk tradition med djupa r\u00f6tter. H\u00e4r f\u00f6renas det sm\u00e5skaliga fisket, de lokala g\u00e5rdarna, sk\u00e4rg\u00e5rdens smaker och de vilda b\u00e4r- och svampskogarna till en levande matkultur. P\u00e5 \u00c5tellet vill vi vara en [&hellip;]<\/p>\n","protected":false},"author":1,"featured_media":0,"parent":0,"menu_order":0,"comment_status":"closed","ping_status":"closed","template":"","meta":{"_gspb_post_css":"","greyd_block_editor_preview":[],"iawp_total_views":132,"footnotes":""},"class_list":["post-1428","page","type-page","status-publish","hentry"],"_links":{"self":[{"href":"https:\/\/atellet.se\/en\/wp-json\/wp\/v2\/pages\/1428","targetHints":{"allow":["GET"]}}],"collection":[{"href":"https:\/\/atellet.se\/en\/wp-json\/wp\/v2\/pages"}],"about":[{"href":"https:\/\/atellet.se\/en\/wp-json\/wp\/v2\/types\/page"}],"author":[{"embeddable":true,"href":"https:\/\/atellet.se\/en\/wp-json\/wp\/v2\/users\/1"}],"replies":[{"embeddable":true,"href":"https:\/\/atellet.se\/en\/wp-json\/wp\/v2\/comments?post=1428"}],"version-history":[{"count":0,"href":"https:\/\/atellet.se\/en\/wp-json\/wp\/v2\/pages\/1428\/revisions"}],"wp:attachment":[{"href":"https:\/\/atellet.se\/en\/wp-json\/wp\/v2\/media?parent=1428"}],"curies":[{"name":"wp","href":"https:\/\/api.w.org\/{rel}","templated":true}]}}