{"id":145,"date":"2024-12-13T19:21:56","date_gmt":"2024-12-13T18:21:56","guid":{"rendered":"https:\/\/atellet.se\/?page_id=145"},"modified":"2026-02-18T13:52:05","modified_gmt":"2026-02-18T12:52:05","slug":"bastu","status":"publish","type":"page","link":"https:\/\/atellet.se\/en\/bastu\/","title":{"rendered":"sauna"},"content":{"rendered":"<div class=\"wp-block-group alignwide has-global-padding is-layout-constrained wp-block-group-is-layout-constrained\">\n<div class=\"wp-block-columns alignwide is-layout-flex wp-container-core-columns-is-layout-28f84493 wp-block-columns-is-layout-flex\">\n<div class=\"wp-block-column col-12 col-sm-auto is-layout-flow wp-block-column-is-layout-flow\">\n<h2 class=\"wp-block-heading\" id=\"bastu\">sauna<\/h2>\n\n\n\n<p>Det g\u00e5r att boka bastun f\u00f6r 200:- per person, minsta antal 2 p. Vid bokning av 1 person blir kostnaden 400 kr \/p.  D\u00e5 har man tillg\u00e5ng till bastun i 1h och d\u00e5 ing\u00e5r l\u00e5n av handduk.<\/p>\n\n\n\n<h3 class=\"wp-block-heading\" id=\"bastupaket\">Bastu package<\/h3>\n\n\n\n<p>Book a sauna package with us at \u00c5tellet!<br><br>You have access to the sauna for 1 hour and the adjacent lounge for 1.5 hours. The lounge also has a large balcony with fantastic views of the Norrt\u00e4lje River estuary.<\/p>\n\n\n\n<p>The package also includes:&nbsp;<br>Tray of chips &amp; olives, 2 glasses of drink (choose between beer, wine and non-alcoholic option) and loan of towel.<\/p>\n\n\n\n<p>Pris 399:- per person, minsta antal vid bokning 2 personer.  Det finns m\u00f6jlighet i m\u00e5n av tillg\u00e5ng att l\u00e4gga till l\u00e5n av morgonrockar och tofflor f\u00f6r 150:- per person.<br><br>In our sauna and lounge, it is not allowed to bring your own alcohol, but if you want something to drink, you can buy it at the bar on the ground floor.<\/p>\n\n\n\n<p>F\u00f6r mer information och bokning v\u00e4nligen kontakta oss p\u00e5\u00a00176-700450\u00a0eller\u00a0info@atellet.se<\/p>\n\n\n\n<div class=\"wp-block-buttons is-layout-flex wp-block-buttons-is-layout-flex\">\n<div id=\"greyd-69e87d3c2a2a4\" class=\"wp-block-button\"><a class=\"wp-block-button__link wp-element-button\" href=\"https:\/\/picassoonline.techotel.dk\/sv\/atellet\/hotel\/booking\/rooms\/\" target=\"_blank\" rel=\"noopener\">Book<\/a><\/div>\n<\/div>\n<\/div>\n\n\n\n<div class=\"wp-block-column is-layout-flow wp-block-column-is-layout-flow\">\n<figure class=\"wp-block-image size-full\"><img decoding=\"async\" width=\"576\" height=\"384\" src=\"https:\/\/atellet.se\/wp-content\/uploads\/2024\/12\/bastu-hink-och-handduk-576.jpg.webp\" alt=\"\" class=\"wp-image-146\" srcset=\"https:\/\/atellet.se\/wp-content\/uploads\/2024\/12\/bastu-hink-och-handduk-576.jpg.webp 576w, https:\/\/atellet.se\/wp-content\/uploads\/2024\/12\/bastu-hink-och-handduk-576.jpg-300x200.webp 300w\" sizes=\"(max-width: 576px) 100vw, 576px\" \/><\/figure>\n\n\n\n<figure class=\"wp-block-image size-full\"><img decoding=\"async\" width=\"576\" height=\"384\" src=\"https:\/\/atellet.se\/wp-content\/uploads\/2024\/12\/bastu-fran-dorren-.jpeg.webp\" alt=\"\" class=\"wp-image-147\" srcset=\"https:\/\/atellet.se\/wp-content\/uploads\/2024\/12\/bastu-fran-dorren-.jpeg.webp 576w, https:\/\/atellet.se\/wp-content\/uploads\/2024\/12\/bastu-fran-dorren-.jpeg-300x200.webp 300w\" sizes=\"(max-width: 576px) 100vw, 576px\" \/><\/figure>\n<\/div>\n<\/div>\n<\/div>","protected":false},"excerpt":{"rendered":"<p>Bastu Det g\u00e5r att boka bastun f\u00f6r 200:- per person, minsta antal 2 p. Vid bokning av 1 person blir kostnaden 400 kr \/p. D\u00e5 har man tillg\u00e5ng till bastun i 1h och d\u00e5 ing\u00e5r l\u00e5n av handduk. Bastupaket Boka bastupaket hos oss p\u00e5 \u00c5tellet! Ni har tillg\u00e5ng till bastun i 1h och&nbsp; s\u00e4llskapsrum som [&hellip;]<\/p>\n","protected":false},"author":1,"featured_media":0,"parent":0,"menu_order":0,"comment_status":"closed","ping_status":"closed","template":"","meta":{"_gspb_post_css":"","greyd_block_editor_preview":[],"iawp_total_views":2405,"footnotes":""},"class_list":["post-145","page","type-page","status-publish","hentry"],"_links":{"self":[{"href":"https:\/\/atellet.se\/en\/wp-json\/wp\/v2\/pages\/145","targetHints":{"allow":["GET"]}}],"collection":[{"href":"https:\/\/atellet.se\/en\/wp-json\/wp\/v2\/pages"}],"about":[{"href":"https:\/\/atellet.se\/en\/wp-json\/wp\/v2\/types\/page"}],"author":[{"embeddable":true,"href":"https:\/\/atellet.se\/en\/wp-json\/wp\/v2\/users\/1"}],"replies":[{"embeddable":true,"href":"https:\/\/atellet.se\/en\/wp-json\/wp\/v2\/comments?post=145"}],"version-history":[{"count":0,"href":"https:\/\/atellet.se\/en\/wp-json\/wp\/v2\/pages\/145\/revisions"}],"wp:attachment":[{"href":"https:\/\/atellet.se\/en\/wp-json\/wp\/v2\/media?parent=145"}],"curies":[{"name":"wp","href":"https:\/\/api.w.org\/{rel}","templated":true}]}}