{"id":150,"date":"2024-12-13T19:25:32","date_gmt":"2024-12-13T18:25:32","guid":{"rendered":"https:\/\/atellet.se\/?page_id=150"},"modified":"2026-01-11T14:40:10","modified_gmt":"2026-01-11T13:40:10","slug":"oppettider","status":"publish","type":"page","link":"https:\/\/atellet.se\/en\/oppettider\/","title":{"rendered":"Opening hours"},"content":{"rendered":"<div class=\"wp-block-group has-global-padding is-layout-constrained wp-block-group-is-layout-constrained\">\n<h1 class=\"wp-block-heading\" id=\"oppettider\">Opening hours<\/h1>\n\n\n\n<p><strong>Restaurant<\/strong><br>Monday-Thursday 11:00-21:00<br>Friday-Saturday 11:00-22:00<br>Sunday 12:00-20:00<\/p>\n\n\n\n<p><strong>Bar<\/strong><br>Monday-Thursday 11:00-22:00<br>Friday-Saturday 11:00-00:30<br>Sunday 12:00-21:00<\/p>\n\n\n\n<p><strong>Breakfast<\/strong><br>Weekdays 07:00-09:30<br>Saturday 08:00-10:00<br>Sunday 08:00-11:00<\/p>\n\n\n\n<p><strong>Lunch of the day<\/strong><br>Weekdays 11:00-14:00<br>Saturday 11:00-15:00 (Weekend tip)<br>Sunday 12:00-15:00 (Weekend tip)<br>For today's lunch see\u00a0<a href=\"https:\/\/atellet.se\/en\/dagens-lunch\/\">menu here<\/a>.<\/p>\n\n\n\n<p><strong>\u00c0 la carte<\/strong><br>Monday-Thursday 17:00-21:00<br>Friday-Saturday 17.00-22.00<br>Sundays 12:00-20:00<br><a href=\"https:\/\/atellet.se\/en\/a-la-carte\/\">See menu here<\/a><\/p>\n\n\n\n<p><strong>Always on the hunt<\/strong><br>Monday-Friday 14:00-17:00<br>Saturday 15:00-17:00<br>We serve our \"Always on the Hill menu\",&nbsp;<a href=\"https:\/\/atellet.se\/en\/alltid-pa-atellet\/\">see menu here<\/a><\/p>\n\n\n\n<p><strong>Different opening hours may apply on public holidays.<\/strong><\/p>\n\n\n\n<p>Dogs are welcome at \u00c5tellet provided they get along well with other dogs and people and stay on the floor\/ground.<\/p>\n<\/div>","protected":false},"excerpt":{"rendered":"<p>\u00d6ppettider RestaurangM\u00e5ndag-torsdag 11:00-21:00fredag-l\u00f6rdag 11:00-22:00S\u00f6ndag 12:00-20:00 BarM\u00e5ndag-torsdag 11:00-22:00Fredag-l\u00f6rdag 11:00-00:30S\u00f6ndag 12:00-21:00 FrukostVardagar 07:00-09:30L\u00f6rdag 08:00-10:00S\u00f6ndag 08:00-11:00 Dagens lunchVardagar 11:00-14:00L\u00f6rdag 11:00-15:00 (Helgtips)S\u00f6ndag 12:00-15:00 (Helgtips)F\u00f6r dagens lunch se\u00a0meny h\u00e4r. \u00c0 la carteM\u00e5ndag-torsdag 17:00-21:00Fredag-l\u00f6rdag 17.00-22.00S\u00f6ndagar 12:00-20:00Se meny h\u00e4r Alltid p\u00e5 \u00c5telletM\u00e5ndag-fredag 14:00-17:00L\u00f6rdag 15:00-17:00Serverar vi v\u00e5r \u201dAlltid p\u00e5 \u00c5tellet meny\u201d,&nbsp;se meny h\u00e4r Under r\u00f6da dagar kan det f\u00f6rekomma andra \u00f6ppettider. Hundar \u00e4r [&hellip;]<\/p>\n","protected":false},"author":1,"featured_media":0,"parent":0,"menu_order":0,"comment_status":"closed","ping_status":"closed","template":"","meta":{"_gspb_post_css":"","greyd_block_editor_preview":[],"iawp_total_views":5976,"footnotes":""},"class_list":["post-150","page","type-page","status-publish","hentry"],"_links":{"self":[{"href":"https:\/\/atellet.se\/en\/wp-json\/wp\/v2\/pages\/150","targetHints":{"allow":["GET"]}}],"collection":[{"href":"https:\/\/atellet.se\/en\/wp-json\/wp\/v2\/pages"}],"about":[{"href":"https:\/\/atellet.se\/en\/wp-json\/wp\/v2\/types\/page"}],"author":[{"embeddable":true,"href":"https:\/\/atellet.se\/en\/wp-json\/wp\/v2\/users\/1"}],"replies":[{"embeddable":true,"href":"https:\/\/atellet.se\/en\/wp-json\/wp\/v2\/comments?post=150"}],"version-history":[{"count":0,"href":"https:\/\/atellet.se\/en\/wp-json\/wp\/v2\/pages\/150\/revisions"}],"wp:attachment":[{"href":"https:\/\/atellet.se\/en\/wp-json\/wp\/v2\/media?parent=150"}],"curies":[{"name":"wp","href":"https:\/\/api.w.org\/{rel}","templated":true}]}}