{"id":169,"date":"2024-12-14T12:12:59","date_gmt":"2024-12-14T11:12:59","guid":{"rendered":"https:\/\/atellet.se\/?page_id=169"},"modified":"2026-01-04T10:03:58","modified_gmt":"2026-01-04T09:03:58","slug":"frukost","status":"publish","type":"page","link":"https:\/\/atellet.se\/en\/frukost\/","title":{"rendered":"Breakfast"},"content":{"rendered":"<div class=\"wp-block-group alignwide has-global-padding is-layout-constrained wp-block-group-is-layout-constrained\" style=\"padding-top:var(--wp--preset--spacing--large);padding-bottom:var(--wp--preset--spacing--large)\">\n<div class=\"wp-block-group has-global-padding is-layout-constrained wp-block-group-is-layout-constrained\">\n<h1 class=\"wp-block-heading\" id=\"frukost\">Breakfast<\/h1>\n\n\n\n<p>The hotel breakfast is something beyond the usual home breakfast! Treat yourself to a visit with us even if you are not staying over but make sure to book a table as we have a limited number of seats.<\/p>\n\n\n\n<p>We serve our breakfast as locally produced &amp; environmentally friendly as possible. Dairy products come largely from Roslagsmj\u00f6lk, which has organic milk products from KRAV-approved farms in Roslagen. The bread is baked by Flygfyrens own bakery and the hot, bacon and scrambled eggs, we cook ourselves on real eggs and fresh cream.<\/p>\n\n\n\n<p>Our breakfast times vary according to the season and demand.<\/p>\n<\/div>\n\n\n\n<div class=\"wp-block-group has-global-padding is-layout-constrained wp-block-group-is-layout-constrained\">\n<h1 class=\"wp-block-heading\" id=\"boka-ditt-bord-nedan\">Book your table below<\/h1>\n\n\n\n<p>To book breakfast, choose standard booking a la carte. You can book breakfast online up to 24 hours before you want to come to us after that you have to call us to check if we have space.<\/p>\n\n\n\n<p>We are a cashless hotel and restaurant. When billing, you must contact us by phone or email before arrival to notify this and get approval back otherwise payment by card is valid on site.<\/p>\n\n\n\n<div class=\"wp-block-buttons is-content-justification-center is-layout-flex wp-container-core-buttons-is-layout-a89b3969 wp-block-buttons-is-layout-flex\">\n<div id=\"greyd-69d589ad7c936\" class=\"wp-block-button\"><a class=\"wp-block-button__link wp-element-button\" href=\"https:\/\/booking.caspeco.net\/se_atenor\/1\" target=\"_blank\" rel=\"noopener\">Book a table<\/a><\/div>\n<\/div>\n<\/div>\n<\/div>","protected":false},"excerpt":{"rendered":"<p>Frukost Hotellfrukosten \u00e4r n\u00e5gonting ut\u00f6ver den vanliga hemma frukosten! Unna dig ett bes\u00f6k hos oss \u00e4ven fast du inte bor \u00f6ver men se till att boka bord d\u00e5 vi har ett begr\u00e4nsat antal plaster. Vi servera v\u00e5r frukost s\u00e5 n\u00e4rproducerat &amp; milj\u00f6v\u00e4nligt som m\u00f6jligt. Mejerivaror kommer i stor m\u00e5n fr\u00e5n Roslagsmj\u00f6lk som har ekologiska mj\u00f6lkprodukter [&hellip;]<\/p>\n","protected":false},"author":1,"featured_media":0,"parent":0,"menu_order":0,"comment_status":"closed","ping_status":"closed","template":"","meta":{"_gspb_post_css":"","greyd_block_editor_preview":[],"iawp_total_views":4535,"footnotes":""},"class_list":["post-169","page","type-page","status-publish","hentry"],"_links":{"self":[{"href":"https:\/\/atellet.se\/en\/wp-json\/wp\/v2\/pages\/169","targetHints":{"allow":["GET"]}}],"collection":[{"href":"https:\/\/atellet.se\/en\/wp-json\/wp\/v2\/pages"}],"about":[{"href":"https:\/\/atellet.se\/en\/wp-json\/wp\/v2\/types\/page"}],"author":[{"embeddable":true,"href":"https:\/\/atellet.se\/en\/wp-json\/wp\/v2\/users\/1"}],"replies":[{"embeddable":true,"href":"https:\/\/atellet.se\/en\/wp-json\/wp\/v2\/comments?post=169"}],"version-history":[{"count":0,"href":"https:\/\/atellet.se\/en\/wp-json\/wp\/v2\/pages\/169\/revisions"}],"wp:attachment":[{"href":"https:\/\/atellet.se\/en\/wp-json\/wp\/v2\/media?parent=169"}],"curies":[{"name":"wp","href":"https:\/\/api.w.org\/{rel}","templated":true}]}}