{"id":179,"date":"2024-12-14T13:57:21","date_gmt":"2024-12-14T12:57:21","guid":{"rendered":"https:\/\/atellet.se\/?page_id=179"},"modified":"2025-10-22T17:07:26","modified_gmt":"2025-10-22T15:07:26","slug":"alltid-pa-atellet","status":"publish","type":"page","link":"https:\/\/atellet.se\/en\/alltid-pa-atellet\/","title":{"rendered":"Always on the hunt"},"content":{"rendered":"<div class=\"wp-block-group alignwide has-global-padding is-layout-constrained wp-block-group-is-layout-constrained\">\n<div class=\"wp-block-columns alignwide is-layout-flex wp-container-core-columns-is-layout-28f84493 wp-block-columns-is-layout-flex\">\n<div class=\"wp-block-column is-layout-flow wp-block-column-is-layout-flow\">\n<h2 class=\"wp-block-heading\" id=\"alltid-pa-atellet\">Always on the hunt<\/h2>\n\n\n\n<p>This menu is served Monday-Friday 15:00-17:00, Saturday 15:00-17:00<\/p>\n\n\n\n<div class=\"wp-block-columns is-layout-flex wp-container-core-columns-is-layout-28f84493 wp-block-columns-is-layout-flex\">\n<div class=\"wp-block-column col-12 col-sm-auto is-layout-flow wp-block-column-is-layout-flow\">\n<h2 class=\"wp-block-heading\" id=\"forratter\"><strong>Starters<\/strong><\/h2>\n\n\n\n<p><strong>Oliver 55<\/strong><\/p>\n\n\n\n<p><strong>almonds<\/strong>\u00a0<strong>55<\/strong><\/p>\n\n\n\n<p><strong>Cheese tray 225<\/strong><br>cold meats, cheese, olives, almonds, crisps<\/p>\n\n\n\n<p><strong>Toast Skagen<\/strong> <strong>175\/230<\/strong><br>shrimp, lemon, red onion <\/p>\n<\/div>\n\n\n\n<div class=\"wp-block-column col-12 col-sm-auto is-layout-flow wp-block-column-is-layout-flow\">\n<h2 class=\"wp-block-heading\" id=\"varmratter\"><strong>Hot dishes<\/strong><\/h2>\n\n\n\n<p><strong>The salad of the hill<\/strong> <strong>260<\/strong><br>V\u00e4sterbotten caesar, avocado, croutons <br><em>(choose between hand peeled shrimp or fried pannoumi)<\/em><\/p>\n\n\n\n<p><strong>Roslag Schnitzel<\/strong> <strong>245<\/strong><br>sugar snap peas, browned butter, lemon <br><em>French fries instead of potatoes +20<\/em> kr<\/p>\n\n\n\n<p><strong>High-frequency burgers<\/strong> <strong>225<\/strong><br>silver onion, bacon, French fries<\/p>\n<\/div>\n<\/div>\n\n\n\n<div class=\"wp-block-group has-global-padding is-layout-constrained wp-block-group-is-layout-constrained\">\n<h2 class=\"wp-block-heading\" id=\"dessert\"><strong>Dessert<\/strong><\/h2>\n\n\n\n<p><strong>Chocolate cream<\/strong><br>salted caramel, browned butter, brownie 135<br><br><strong>Caramel &amp; sea salt truffles<\/strong>&nbsp;45<\/p>\n\n\n\n<p><strong>Our full a la carte menu opens at 17.00<\/strong><\/p>\n<\/div>\n<\/div>\n\n\n\n<div class=\"wp-block-column is-layout-flow wp-block-column-is-layout-flow\">\n<figure class=\"wp-block-image size-large\"><img decoding=\"async\" width=\"683\" height=\"1024\" src=\"https:\/\/atellet.se\/wp-content\/uploads\/2024\/12\/Alltid-pa-Atellet-1025x1536.jpg-683x1024.webp\" alt=\"\" class=\"wp-image-180\" srcset=\"https:\/\/atellet.se\/wp-content\/uploads\/2024\/12\/Alltid-pa-Atellet-1025x1536.jpg-683x1024.webp 683w, https:\/\/atellet.se\/wp-content\/uploads\/2024\/12\/Alltid-pa-Atellet-1025x1536.jpg-200x300.webp 200w, https:\/\/atellet.se\/wp-content\/uploads\/2024\/12\/Alltid-pa-Atellet-1025x1536.jpg-768x1151.webp 768w, https:\/\/atellet.se\/wp-content\/uploads\/2024\/12\/Alltid-pa-Atellet-1025x1536.jpg.webp 1025w\" sizes=\"(max-width: 683px) 100vw, 683px\" \/><\/figure>\n<\/div>\n<\/div>\n\n\n\n<div class=\"wp-block-group alignwide has-global-padding is-layout-constrained wp-block-group-is-layout-constrained\">\n<h2 class=\"wp-block-heading\" id=\"boka-bord\">Book a table<\/h2>\n\n\n\n<p>If you wish to book a table for more than 9 people, you can submit a booking request below. We will then contact you if it is possible for us to accommodate you or not. All parties larger than 9 people need to pre-order the food and notify us a few days in advance.<\/p>\n\n\n\n<p>If you want to book a table for breakfast, choose standard booking, number of people and then a time during breakfast.<\/p>\n\n\n\n<p>We are a cashless hotel and restaurant. When billing, you must contact us by phone or email before arrival to notify this and get approval back otherwise payment by card is valid on site.<\/p>\n\n\n\n<div class=\"wp-block-buttons is-content-justification-center is-layout-flex wp-container-core-buttons-is-layout-a89b3969 wp-block-buttons-is-layout-flex\">\n<div id=\"greyd-69d0ef8f34fc0\" class=\"wp-block-button\"><a class=\"wp-block-button__link wp-element-button\">Book a table<\/a><\/div>\n<\/div>\n<\/div>\n<\/div>","protected":false},"excerpt":{"rendered":"<p>Alltid p\u00e5 \u00c5tellet Denna meny serveras m\u00e5ndag-fredag 15:00-17:00, l\u00f6rdag 15:00-17:00 F\u00f6rr\u00e4tter Oliver 55 Mandlar\u00a055 Charkbricka 225charkuterier, ost, oliver, mandlar, lantchips Toast Skagen 175\/230r\u00e4kor, citron, r\u00f6dl\u00f6k Varmr\u00e4tter \u00c5tellets sallad 260V\u00e4sterbottencaesar, avokado, krutonger (v\u00e4lj mellan handskalade r\u00e4kor eller friterad pannoumi) Roslagsschnitzel 245socker\u00e4rtor, brynt sm\u00f6r, citron Pommes frites ist\u00e4llet f\u00f6r potatis +20 kr H\u00f6grevsburgare 225silverl\u00f6k, bacon, pommes frites [&hellip;]<\/p>\n","protected":false},"author":1,"featured_media":0,"parent":0,"menu_order":0,"comment_status":"closed","ping_status":"closed","template":"","meta":{"_gspb_post_css":"","greyd_block_editor_preview":[],"iawp_total_views":3918,"footnotes":""},"class_list":["post-179","page","type-page","status-publish","hentry"],"_links":{"self":[{"href":"https:\/\/atellet.se\/en\/wp-json\/wp\/v2\/pages\/179","targetHints":{"allow":["GET"]}}],"collection":[{"href":"https:\/\/atellet.se\/en\/wp-json\/wp\/v2\/pages"}],"about":[{"href":"https:\/\/atellet.se\/en\/wp-json\/wp\/v2\/types\/page"}],"author":[{"embeddable":true,"href":"https:\/\/atellet.se\/en\/wp-json\/wp\/v2\/users\/1"}],"replies":[{"embeddable":true,"href":"https:\/\/atellet.se\/en\/wp-json\/wp\/v2\/comments?post=179"}],"version-history":[{"count":0,"href":"https:\/\/atellet.se\/en\/wp-json\/wp\/v2\/pages\/179\/revisions"}],"wp:attachment":[{"href":"https:\/\/atellet.se\/en\/wp-json\/wp\/v2\/media?parent=179"}],"curies":[{"name":"wp","href":"https:\/\/api.w.org\/{rel}","templated":true}]}}