{"id":190,"date":"2024-12-14T14:05:53","date_gmt":"2024-12-14T13:05:53","guid":{"rendered":"https:\/\/atellet.se\/?page_id=190"},"modified":"2026-04-15T10:42:49","modified_gmt":"2026-04-15T08:42:49","slug":"a-la-carte-meny","status":"publish","type":"page","link":"https:\/\/atellet.se\/en\/a-la-carte-meny\/","title":{"rendered":"A la carte menu"},"content":{"rendered":"<div class=\"wp-block-group alignwide has-global-padding is-layout-constrained wp-block-group-is-layout-constrained\">\n<div class=\"wp-block-group alignwide has-global-padding is-content-justification-left is-layout-constrained wp-container-core-group-is-layout-12dd3699 wp-block-group-is-layout-constrained\">\n<h1 class=\"wp-block-heading alignwide\" id=\"a-la-carte-meny\">A la carte menu<\/h1>\n\n\n\n<p class=\"has-text-align-left\">P\u00e5 \u00c5tellets restaurang &amp; bar i Norrt\u00e4lje v\u00e4lkomnar vi all slags aptit och t\u00f6rst. H\u00e4r kan du komma f\u00f6rbi p\u00e5 lite sm\u00e5plock och ett glas vin eller en h\u00e4rlig lunch eller middag.<\/p>\n\n\n\n<p>Nedan meny serveras <br>m\u00e5ndag-fredag fr\u00e5n 17:00<br>l\u00f6rdag fr\u00e5n 11:00-15:00 samt 17:00-22:00<br>s\u00f6ndag 12:00-20:00<br>Sj\u00e4lvklart g\u00e5r det bra att best\u00e4lla som take away!<\/p>\n\n\n\n<p><strong>Do you have any allergies or intolerances?<br>Ask us and we will be happy to help.<\/strong><\/p>\n<\/div>\n\n\n\n<div class=\"wp-block-columns alignwide is-layout-flex wp-container-core-columns-is-layout-28f84493 wp-block-columns-is-layout-flex\">\n<div class=\"wp-block-column col-12 col-sm-auto is-layout-flow wp-block-column-is-layout-flow\">\n<h2 class=\"wp-block-heading\" id=\"snacks\"><strong>snacks<\/strong><\/h2>\n\n\n\n<p>Oliver 55<\/p>\n\n\n\n<p>Almonds 55<\/p>\n\n\n\n<p>Cheese tray 225<br>cold meats, cheese, olives, almonds, crisps<\/p>\n\n\n\n<p>Oysters 35 kr\/pc<br><em>(minimum 3 per person)<\/em><\/p>\n\n\n\n<p><strong>The enjoyment of life package<\/strong><br>3 oysters and 1 glass of champagne 235<\/p>\n\n\n\n<p><em>(oysters are so-called high-risk foods that can cause discomfort or allergic reactions, often in combination with alcohol)<\/em><\/p>\n\n\n\n<h2 class=\"wp-block-heading\" id=\"forratter\"><strong>Starters<\/strong><\/h2>\n\n\n\n<p>Gr\u00f6n sparris 135<br>brynt sm\u00f6rhollandaise, forellrom, marconamandlar<\/p>\n\n\n\n<p>Sm\u00f6rstekt brioche 155<br>l\u00f6jrom, citronkr\u00e4m, r\u00f6dl\u00f6k<\/p>\n\n\n\n<p>Toast skagen 175\/230<br>red onion, lemon, lumpfish roe<\/p>\n\n\n\n<p>Bifftartar 140<br>senapsmajonn\u00e4s, gravad \u00e4ggula, kapris<\/p>\n<\/div>\n\n\n\n<div class=\"wp-block-column col-12 col-sm-auto is-layout-flow wp-block-column-is-layout-flow\">\n<h2 class=\"wp-block-heading\" id=\"varmratter\"><strong>Hot dishes<\/strong><\/h2>\n\n\n\n<p>Stekt portabello 210<br>p\u00e4rlcouscous, myntakr\u00e4m, tomat<\/p>\n\n\n\n<p>Lettuce from the farm 260<br>V\u00e4sterbotten caesar, avocado, croutons<br><em>choose between fried pannoumi or hand peeled shrimp<\/em><\/p>\n\n\n\n<p>Regnb\u00e5ge 275<br>sm\u00f6rstekta prim\u00f6rer, citronsm\u00f6rs\u00e5s, forellrom<\/p>\n\n\n\n<p>Sm\u00f6rstekt uer 260<br>l\u00f6jrom, rabarber, mandel<\/p>\n\n\n\n<p>Right-hand burgers 235<br>karamelliserad l\u00f6k, V\u00e4dd\u00f6 cheddar, aioli<\/p>\n\n\n\n<p>Roslags schnitzel 245<br>browned butter, tomato salad, sugar snap peas<br>French fries +20kr<\/p>\n\n\n\n<p>Sirloin steak 355<br>Caf\u00e9 de Paris sm\u00f6r, gr\u00f6nsallad, parmesan<br>+100 kr till\u00e4gg vid hotellpaket<\/p>\n\n\n\n<h2 class=\"wp-block-heading\" id=\"desserter\"><strong>Desserts<\/strong><\/h2>\n\n\n\n<p>Brioche 135<br>kanel, vanilj, rabarber<\/p>\n\n\n\n<p>Chocolate cream 135<br>saltkaramell, brynt sm\u00f6r, brownie<\/p>\n\n\n\n<p>Hallonmousse 140<br>rabarbersorbet, sockerkaka, vit choklad<\/p>\n\n\n\n<p>Chocolate truffles 45<br>toffee &amp; sea salt<\/p>\n<\/div>\n\n\n\n<div class=\"wp-block-column col-12 col-sm-auto is-layout-flow wp-block-column-is-layout-flow\">\n<figure class=\"wp-block-image size-full\"><img decoding=\"async\" width=\"683\" height=\"1024\" src=\"https:\/\/atellet.se\/wp-content\/uploads\/2024\/12\/Ala-carte-683x1024.jpg.webp\" alt=\"\" class=\"wp-image-191\" srcset=\"https:\/\/atellet.se\/wp-content\/uploads\/2024\/12\/Ala-carte-683x1024.jpg.webp 683w, https:\/\/atellet.se\/wp-content\/uploads\/2024\/12\/Ala-carte-683x1024.jpg-200x300.webp 200w\" sizes=\"(max-width: 683px) 100vw, 683px\" \/><\/figure>\n\n\n\n<div class=\"wp-block-buttons is-content-justification-center is-layout-flex wp-container-core-buttons-is-layout-a89b3969 wp-block-buttons-is-layout-flex\">\n<div id=\"greyd-69f2fca5a8679\" class=\"wp-block-button\"><a class=\"wp-block-button__link wp-element-button\" href=\"https:\/\/booking.caspeco.net\/se_atenor\/1\" target=\"_blank\" rel=\"noopener\">Book a table<\/a><\/div>\n<\/div>\n<\/div>\n<\/div>\n<\/div>\n\n\n\n<p><\/p>\n\n\n\n<p><\/p>","protected":false},"excerpt":{"rendered":"<p>\u00c0 la carte meny P\u00e5 \u00c5tellets restaurang &amp; bar i Norrt\u00e4lje v\u00e4lkomnar vi all slags aptit och t\u00f6rst. H\u00e4r kan du komma f\u00f6rbi p\u00e5 lite sm\u00e5plock och ett glas vin eller en h\u00e4rlig lunch eller middag. Nedan meny serveras m\u00e5ndag-fredag fr\u00e5n 17:00l\u00f6rdag fr\u00e5n 11:00-15:00 samt 17:00-22:00s\u00f6ndag 12:00-20:00Sj\u00e4lvklart g\u00e5r det bra att best\u00e4lla som take away! [&hellip;]<\/p>\n","protected":false},"author":1,"featured_media":0,"parent":0,"menu_order":0,"comment_status":"closed","ping_status":"closed","template":"","meta":{"_gspb_post_css":"","greyd_block_editor_preview":[],"iawp_total_views":48662,"footnotes":""},"class_list":["post-190","page","type-page","status-publish","hentry"],"_links":{"self":[{"href":"https:\/\/atellet.se\/en\/wp-json\/wp\/v2\/pages\/190","targetHints":{"allow":["GET"]}}],"collection":[{"href":"https:\/\/atellet.se\/en\/wp-json\/wp\/v2\/pages"}],"about":[{"href":"https:\/\/atellet.se\/en\/wp-json\/wp\/v2\/types\/page"}],"author":[{"embeddable":true,"href":"https:\/\/atellet.se\/en\/wp-json\/wp\/v2\/users\/1"}],"replies":[{"embeddable":true,"href":"https:\/\/atellet.se\/en\/wp-json\/wp\/v2\/comments?post=190"}],"version-history":[{"count":0,"href":"https:\/\/atellet.se\/en\/wp-json\/wp\/v2\/pages\/190\/revisions"}],"wp:attachment":[{"href":"https:\/\/atellet.se\/en\/wp-json\/wp\/v2\/media?parent=190"}],"curies":[{"name":"wp","href":"https:\/\/api.w.org\/{rel}","templated":true}]}}