{"id":1969,"date":"2026-04-13T16:10:57","date_gmt":"2026-04-13T14:10:57","guid":{"rendered":"https:\/\/atellet.se\/?page_id=1969"},"modified":"2026-04-13T16:11:46","modified_gmt":"2026-04-13T14:11:46","slug":"gastronomi-roslagen-2","status":"publish","type":"page","link":"https:\/\/atellet.se\/en\/gastronomi-roslagen-2\/","title":{"rendered":"Gastronomy Roslagen"},"content":{"rendered":"<div class=\"wp-block-group has-global-padding is-layout-constrained wp-block-group-is-layout-constrained\">\n<h1 class=\"wp-block-heading\" id=\"gastronomi-roslagen\">Gastronomy Roslagen<\/h1>\n\n\n\n<p>Serveras 23 april kl 17.00-20.00<\/p>\n\n\n\n<p>Nybakad Brioche<br>vispat brynt sm\u00f6r, Fleur de sel<\/p>\n\n\n\n<p>Friterad potatis<br>Syrad gr\u00e4dde, l\u00f6jrom, gr\u00e4sl\u00f6k<\/p>\n\n\n\n<p>Shiso<br>oxtartar, gravad \u00e4ggula, kapris<\/p>\n\n\n\n<p>Tartlette<br>Wr\u00e5ngeb\u00e4cksost, rostade hasseln\u00f6tter, tryffel<\/p>\n\n\n\n<p>Kroketter<br>picklad senapsfr\u00f6, ramsl\u00f6k, parmesan<\/p>\n\n\n\n<p>Ravioli<br>sparris, Beurre blanc, l\u00f6jrom<\/p>\n\n\n\n<p>Sotad pilgrimsmussla<br>majs, k\u00e5lrabbi, gazpacho<\/p>\n\n\n\n<p>Abborre<br>Beurre blanc, forellrom, broccoliblomma<\/p>\n\n\n\n<p>Fillet of beef<br>sparris, palsternacka, tryffel<\/p>\n\n\n\n<p>Friterade munkar<br>pannacotta, hallon, viol<\/p>\n\n\n\n<p>10-r\u00e4tters Meny 895 kr pp<br>Vinpaket 450 kr pp<\/p>\n<\/div>","protected":false},"excerpt":{"rendered":"<p>Gastronomi Roslagen Serveras 23 april kl 17.00-20.00 Nybakad Briochevispat brynt sm\u00f6r, Fleur de sel Friterad potatisSyrad gr\u00e4dde, l\u00f6jrom, gr\u00e4sl\u00f6k Shisooxtartar, gravad \u00e4ggula, kapris TartletteWr\u00e5ngeb\u00e4cksost, rostade hasseln\u00f6tter, tryffel Kroketterpicklad senapsfr\u00f6, ramsl\u00f6k, parmesan Raviolisparris, Beurre blanc, l\u00f6jrom Sotad pilgrimsmusslamajs, k\u00e5lrabbi, gazpacho AbborreBeurre blanc, forellrom, broccoliblomma Oxfil\u00e9sparris, palsternacka, tryffel Friterade munkarpannacotta, hallon, viol 10-r\u00e4tters Meny 895 kr ppVinpaket [&hellip;]<\/p>\n","protected":false},"author":1,"featured_media":0,"parent":0,"menu_order":0,"comment_status":"closed","ping_status":"closed","template":"","meta":{"_gspb_post_css":"","greyd_block_editor_preview":[],"iawp_total_views":1,"footnotes":""},"class_list":["post-1969","page","type-page","status-publish","hentry"],"_links":{"self":[{"href":"https:\/\/atellet.se\/en\/wp-json\/wp\/v2\/pages\/1969","targetHints":{"allow":["GET"]}}],"collection":[{"href":"https:\/\/atellet.se\/en\/wp-json\/wp\/v2\/pages"}],"about":[{"href":"https:\/\/atellet.se\/en\/wp-json\/wp\/v2\/types\/page"}],"author":[{"embeddable":true,"href":"https:\/\/atellet.se\/en\/wp-json\/wp\/v2\/users\/1"}],"replies":[{"embeddable":true,"href":"https:\/\/atellet.se\/en\/wp-json\/wp\/v2\/comments?post=1969"}],"version-history":[{"count":2,"href":"https:\/\/atellet.se\/en\/wp-json\/wp\/v2\/pages\/1969\/revisions"}],"predecessor-version":[{"id":1971,"href":"https:\/\/atellet.se\/en\/wp-json\/wp\/v2\/pages\/1969\/revisions\/1971"}],"wp:attachment":[{"href":"https:\/\/atellet.se\/en\/wp-json\/wp\/v2\/media?parent=1969"}],"curies":[{"name":"wp","href":"https:\/\/api.w.org\/{rel}","templated":true}]}}