{"id":1972,"date":"2026-04-13T16:12:59","date_gmt":"2026-04-13T14:12:59","guid":{"rendered":"https:\/\/atellet.se\/?page_id=1972"},"modified":"2026-04-13T16:13:02","modified_gmt":"2026-04-13T14:13:02","slug":"valborgsmeny","status":"publish","type":"page","link":"https:\/\/atellet.se\/en\/valborgsmeny\/","title":{"rendered":"Valborgsmeny"},"content":{"rendered":"<h1 class=\"wp-block-heading\" id=\"valborgsmeny\">Valborgsmeny<\/h1>\n\n\n\n<p>serveras 30 april kl 17.00-21.00<\/p>\n\n\n\n<p>Appetizer<br>Toast Skagen, r\u00f6dl\u00f6k, stenbitsrom, citron<\/p>\n\n\n\n<p>Hot dish<br>Ryggbiff, caf\u00e9 de Paris sm\u00f6r, gr\u00f6nsallat, parmesan<\/p>\n\n\n\n<p>Dessert<br>Kola &amp; havssalttryffel och kaffe<\/p>\n\n\n\n<p>590 kr pp<\/p>","protected":false},"excerpt":{"rendered":"<p>Valborgsmeny serveras 30 april kl 17.00-21.00 F\u00f6rr\u00e4ttToast Skagen, r\u00f6dl\u00f6k, stenbitsrom, citron Varmr\u00e4ttRyggbiff, caf\u00e9 de Paris sm\u00f6r, gr\u00f6nsallat, parmesan DessertKola &amp; havssalttryffel och kaffe 590 kr pp<\/p>","protected":false},"author":1,"featured_media":0,"parent":0,"menu_order":0,"comment_status":"closed","ping_status":"closed","template":"","meta":{"_gspb_post_css":"","greyd_block_editor_preview":[],"iawp_total_views":0,"footnotes":""},"class_list":["post-1972","page","type-page","status-publish","hentry"],"_links":{"self":[{"href":"https:\/\/atellet.se\/en\/wp-json\/wp\/v2\/pages\/1972","targetHints":{"allow":["GET"]}}],"collection":[{"href":"https:\/\/atellet.se\/en\/wp-json\/wp\/v2\/pages"}],"about":[{"href":"https:\/\/atellet.se\/en\/wp-json\/wp\/v2\/types\/page"}],"author":[{"embeddable":true,"href":"https:\/\/atellet.se\/en\/wp-json\/wp\/v2\/users\/1"}],"replies":[{"embeddable":true,"href":"https:\/\/atellet.se\/en\/wp-json\/wp\/v2\/comments?post=1972"}],"version-history":[{"count":1,"href":"https:\/\/atellet.se\/en\/wp-json\/wp\/v2\/pages\/1972\/revisions"}],"predecessor-version":[{"id":1973,"href":"https:\/\/atellet.se\/en\/wp-json\/wp\/v2\/pages\/1972\/revisions\/1973"}],"wp:attachment":[{"href":"https:\/\/atellet.se\/en\/wp-json\/wp\/v2\/media?parent=1972"}],"curies":[{"name":"wp","href":"https:\/\/api.w.org\/{rel}","templated":true}]}}