{"id":1974,"date":"2026-04-13T16:14:11","date_gmt":"2026-04-13T14:14:11","guid":{"rendered":"https:\/\/atellet.se\/?page_id=1974"},"modified":"2026-04-13T16:14:14","modified_gmt":"2026-04-13T14:14:14","slug":"morsdag-meny","status":"publish","type":"page","link":"https:\/\/atellet.se\/en\/morsdag-meny\/","title":{"rendered":"Morsdag meny"},"content":{"rendered":"<h1 class=\"wp-block-heading\" id=\"morsdag-meny\">Morsdag meny<\/h1>\n\n\n\n<p>serveras den 31 maj kl 12.00-20.00<\/p>\n\n\n\n<p>Appetizer<br>Gr\u00f6n sparris, brynt sm\u00f6rhollandaise, forellrom, Marconamandel<\/p>\n\n\n\n<p>Hot dish<br>Regnb\u00e5ge, sm\u00f6rstekt prim\u00f6rer, citronsm\u00f6rs\u00e5s, forellrom<\/p>\n\n\n\n<p>Dessert<br>Hallonmousse,rabarbersorbet, sockerkaka, vitchoklad<\/p>\n\n\n\n<p>499 kr pp<\/p>","protected":false},"excerpt":{"rendered":"<p>Morsdag meny serveras den 31 maj kl 12.00-20.00 F\u00f6rr\u00e4ttGr\u00f6n sparris, brynt sm\u00f6rhollandaise, forellrom, Marconamandel Varmr\u00e4ttRegnb\u00e5ge, sm\u00f6rstekt prim\u00f6rer, citronsm\u00f6rs\u00e5s, forellrom DessertHallonmousse,rabarbersorbet, sockerkaka, vitchoklad 499 kr pp<\/p>","protected":false},"author":1,"featured_media":0,"parent":0,"menu_order":0,"comment_status":"closed","ping_status":"closed","template":"","meta":{"_gspb_post_css":"","greyd_block_editor_preview":[],"iawp_total_views":0,"footnotes":""},"class_list":["post-1974","page","type-page","status-publish","hentry"],"_links":{"self":[{"href":"https:\/\/atellet.se\/en\/wp-json\/wp\/v2\/pages\/1974","targetHints":{"allow":["GET"]}}],"collection":[{"href":"https:\/\/atellet.se\/en\/wp-json\/wp\/v2\/pages"}],"about":[{"href":"https:\/\/atellet.se\/en\/wp-json\/wp\/v2\/types\/page"}],"author":[{"embeddable":true,"href":"https:\/\/atellet.se\/en\/wp-json\/wp\/v2\/users\/1"}],"replies":[{"embeddable":true,"href":"https:\/\/atellet.se\/en\/wp-json\/wp\/v2\/comments?post=1974"}],"version-history":[{"count":1,"href":"https:\/\/atellet.se\/en\/wp-json\/wp\/v2\/pages\/1974\/revisions"}],"predecessor-version":[{"id":1975,"href":"https:\/\/atellet.se\/en\/wp-json\/wp\/v2\/pages\/1974\/revisions\/1975"}],"wp:attachment":[{"href":"https:\/\/atellet.se\/en\/wp-json\/wp\/v2\/media?parent=1974"}],"curies":[{"name":"wp","href":"https:\/\/api.w.org\/{rel}","templated":true}]}}