{"id":209,"date":"2024-12-14T14:24:24","date_gmt":"2024-12-14T13:24:24","guid":{"rendered":"https:\/\/atellet.se\/?page_id=209"},"modified":"2024-12-18T12:24:01","modified_gmt":"2024-12-18T11:24:01","slug":"vara-moteslokaler","status":"publish","type":"page","link":"https:\/\/atellet.se\/en\/vara-moteslokaler\/","title":{"rendered":"Our meeting rooms"},"content":{"rendered":"<div class=\"wp-block-group alignwide has-global-padding is-content-justification-left is-layout-constrained wp-container-core-group-is-layout-12dd3699 wp-block-group-is-layout-constrained\">\n<h1 class=\"wp-block-heading\">Our meeting rooms<\/h1>\n\n\n\n<p>The building has four meeting rooms. Two of them are on the third floor, which is directly connected to the sauna. One of the rooms has a large terrace overlooking Norrt\u00e4lje Bay. One conference room is located on our entrance floor and one is located in the old city hotel next to the small square (2 minutes walk from \u00c5tellet).<\/p>\n\n\n\n<p>All conference rooms are equipped with wifi, writing pads, pens, extension cords, staplers and all rooms also include a projector or TV that can be connected to. Fruit, sweets and ice water are served and replenished during the day.<\/p>\n\n\n\n<p>We have adapters that can be connected to HDMI, USB-C, Lightning and VGA, other technology is needed so feel free to ask at the time of booking and we will solve most things. Contact us with your booking request and we will return with a quote and price proposal.<\/p>\n\n\n\n<div class=\"wp-block-columns alignwide is-layout-flex wp-container-core-columns-is-layout-28f84493 wp-block-columns-is-layout-flex\">\n<div class=\"wp-block-column is-layout-flow wp-block-column-is-layout-flow\">\n<h2 class=\"wp-block-heading\">The pickup<\/h2>\n\n\n\n<p>An oblong room that is best suited for board meetings that can accommodate up to 12 people &amp; is located on level 3. In this room there is a whiteboard behind the project canvas. The room also has a lounge area for more relaxed meetings.<\/p>\n\n\n\n<h2 class=\"wp-block-heading\">Verandah<\/h2>\n\n\n\n<p>The veranda, located on the ground floor, is part of our restaurant which we divide with two sliding doors. This room is equipped with a fixed projector and screen and can accommodate up to 50 people. The room can be booked mainly for breakfast meetings.<\/p>\n<\/div>\n\n\n\n<div class=\"wp-block-column is-layout-flow wp-block-column-is-layout-flow\">\n<h2 class=\"wp-block-heading\">The bitch<\/h2>\n\n\n\n<p>Has a boardroom table that can accommodate up to 7 people. The room is equipped with a large screen TV and has access to a large balcony overlooking Norrt\u00e4lje Bay.<\/p>\n\n\n\n<h2 class=\"wp-block-heading\">The Festival Hall<\/h2>\n\n\n\n<p>A stone's throw from \u00c5tellet you will also find the historic festivity hall located in the building that was once the city hotel in Norrt\u00e4lje. In this room we have the opportunity to receive groups up to 80 people in theater seating. Coffee breaks take place in the room while lunch and dinner are served at \u00c5tellet (2 minutes walk between the buildings). The room has a projector, whiteboard, wireless internet and a small kitchen.<\/p>\n<\/div>\n<\/div>\n\n\n\n<figure class=\"wp-block-gallery alignwide has-nested-images columns-default is-cropped wp-block-gallery-1 is-layout-flex wp-block-gallery-is-layout-flex\">\n<figure class=\"wp-block-image size-full\"><img decoding=\"async\" width=\"576\" height=\"384\" data-id=\"210\" src=\"https:\/\/atellet.se\/wp-content\/uploads\/2024\/12\/stadt-festivitetsvaning-2.jpeg.webp\" alt=\"\" class=\"wp-image-210\" srcset=\"https:\/\/atellet.se\/wp-content\/uploads\/2024\/12\/stadt-festivitetsvaning-2.jpeg.webp 576w, https:\/\/atellet.se\/wp-content\/uploads\/2024\/12\/stadt-festivitetsvaning-2.jpeg-300x200.webp 300w\" sizes=\"(max-width: 576px) 100vw, 576px\" \/><\/figure>\n\n\n\n<figure class=\"wp-block-image size-full\"><img decoding=\"async\" width=\"1024\" height=\"683\" data-id=\"433\" src=\"https:\/\/atellet.se\/wp-content\/uploads\/2024\/12\/Karringenbordhemsida.jpg\" alt=\"\" class=\"wp-image-433\" srcset=\"https:\/\/atellet.se\/wp-content\/uploads\/2024\/12\/Karringenbordhemsida.jpg 1024w, https:\/\/atellet.se\/wp-content\/uploads\/2024\/12\/Karringenbordhemsida-300x200.jpg 300w, https:\/\/atellet.se\/wp-content\/uploads\/2024\/12\/Karringenbordhemsida-768x512.jpg 768w\" sizes=\"(max-width: 1024px) 100vw, 1024px\" \/><\/figure>\n\n\n\n<figure class=\"wp-block-image size-full\"><img decoding=\"async\" width=\"1024\" height=\"683\" data-id=\"435\" src=\"https:\/\/atellet.se\/wp-content\/uploads\/2024\/12\/Hamtanloungehemsidan.jpg\" alt=\"\" class=\"wp-image-435\" srcset=\"https:\/\/atellet.se\/wp-content\/uploads\/2024\/12\/Hamtanloungehemsidan.jpg 1024w, https:\/\/atellet.se\/wp-content\/uploads\/2024\/12\/Hamtanloungehemsidan-300x200.jpg 300w, https:\/\/atellet.se\/wp-content\/uploads\/2024\/12\/Hamtanloungehemsidan-768x512.jpg 768w\" sizes=\"(max-width: 1024px) 100vw, 1024px\" \/><\/figure>\n\n\n\n<figure class=\"wp-block-image size-full\"><img decoding=\"async\" width=\"1024\" height=\"748\" data-id=\"431\" src=\"https:\/\/atellet.se\/wp-content\/uploads\/2024\/12\/Hamtanbordhemsidan.jpg\" alt=\"\" class=\"wp-image-431\" srcset=\"https:\/\/atellet.se\/wp-content\/uploads\/2024\/12\/Hamtanbordhemsidan.jpg 1024w, https:\/\/atellet.se\/wp-content\/uploads\/2024\/12\/Hamtanbordhemsidan-300x219.jpg 300w, https:\/\/atellet.se\/wp-content\/uploads\/2024\/12\/Hamtanbordhemsidan-768x561.jpg 768w\" sizes=\"(max-width: 1024px) 100vw, 1024px\" \/><\/figure>\n<\/figure>\n<\/div>","protected":false},"excerpt":{"rendered":"<p>V\u00e5ra m\u00f6teslokaler \u00c5tellet&nbsp;har fyra stycken m\u00f6teslokaler. Tv\u00e5 stycken ligger p\u00e5 plan 3 som har direkt anslutning till bastun. En av lokalerna har en stor terrass med utsikt \u00f6ver Norrt\u00e4ljeviken. En konferenslokal ligger p\u00e5 v\u00e5rt entr\u00e9plan och en ligger i det gamla stadshotellet intill lilla torget ( 2 minuters promenad fr\u00e5n \u00c5tellet). Alla konferensrum \u00e4r utrustade [&hellip;]<\/p>\n","protected":false},"author":1,"featured_media":0,"parent":0,"menu_order":0,"comment_status":"closed","ping_status":"closed","template":"","meta":{"_gspb_post_css":"","greyd_block_editor_preview":[],"iawp_total_views":734,"footnotes":""},"class_list":["post-209","page","type-page","status-publish","hentry"],"_links":{"self":[{"href":"https:\/\/atellet.se\/en\/wp-json\/wp\/v2\/pages\/209","targetHints":{"allow":["GET"]}}],"collection":[{"href":"https:\/\/atellet.se\/en\/wp-json\/wp\/v2\/pages"}],"about":[{"href":"https:\/\/atellet.se\/en\/wp-json\/wp\/v2\/types\/page"}],"author":[{"embeddable":true,"href":"https:\/\/atellet.se\/en\/wp-json\/wp\/v2\/users\/1"}],"replies":[{"embeddable":true,"href":"https:\/\/atellet.se\/en\/wp-json\/wp\/v2\/comments?post=209"}],"version-history":[{"count":0,"href":"https:\/\/atellet.se\/en\/wp-json\/wp\/v2\/pages\/209\/revisions"}],"wp:attachment":[{"href":"https:\/\/atellet.se\/en\/wp-json\/wp\/v2\/media?parent=209"}],"curies":[{"name":"wp","href":"https:\/\/api.w.org\/{rel}","templated":true}]}}