{"id":221,"date":"2024-12-14T19:39:49","date_gmt":"2024-12-14T18:39:49","guid":{"rendered":"https:\/\/atellet.se\/?page_id=221"},"modified":"2025-03-11T16:12:27","modified_gmt":"2025-03-11T15:12:27","slug":"boka-bord","status":"publish","type":"page","link":"https:\/\/atellet.se\/en\/boka-bord\/","title":{"rendered":"Book a table"},"content":{"rendered":"<div class=\"wp-block-group has-global-padding is-layout-constrained wp-block-group-is-layout-constrained\" style=\"padding-top:var(--wp--preset--spacing--large);padding-bottom:var(--wp--preset--spacing--large)\">\n<h2 class=\"wp-block-heading\">Book a table<\/h2>\n\n\n\n<p>If you wish to book a table for more than 9 people, you can submit a booking request below. We will then contact you if it is possible for us to accommodate you or not. All parties larger than 9 people need to pre-order the food and notify us a few days in advance.<\/p>\n\n\n\n<p>If you want to book a table for breakfast, choose standard booking, number of people and then a time during breakfast.<\/p>\n\n\n\n<p>We are a cashless hotel and restaurant. When billing, you must contact us by phone or email before arrival to notify this and get approval back otherwise payment by card is valid on site.<\/p>\n\n\n\n<div class=\"wp-block-buttons is-content-justification-center is-layout-flex wp-container-core-buttons-is-layout-a89b3969 wp-block-buttons-is-layout-flex\">\n<div id=\"greyd-69d6efe6336ea\" class=\"wp-block-button\"><a class=\"wp-block-button__link wp-element-button\" href=\"https:\/\/booking.caspeco.net\/se_atenor\/1\" target=\"_blank\" rel=\"noopener\">Book a table<\/a><\/div>\n<\/div>\n<\/div>","protected":false},"excerpt":{"rendered":"<p>Boka bord Om ni \u00f6nskar boka bord f\u00f6r fler \u00e4n 9 personer kan ni skicka in en bokningsf\u00f6rfr\u00e5gan nedan. Vi kommer d\u00e5 kontakta er om det finns m\u00f6jlighet f\u00f6r oss att ta emot er eller inte. Alla s\u00e4llskap som \u00e4r st\u00f6rre \u00e4n 9 personer beh\u00f6ver f\u00f6rbest\u00e4lla maten och meddela oss n\u00e5gra dagar innan. \u00d6nskar ni [&hellip;]<\/p>\n","protected":false},"author":1,"featured_media":0,"parent":0,"menu_order":0,"comment_status":"closed","ping_status":"closed","template":"","meta":{"_gspb_post_css":"","greyd_block_editor_preview":[],"iawp_total_views":6615,"footnotes":""},"class_list":["post-221","page","type-page","status-publish","hentry"],"_links":{"self":[{"href":"https:\/\/atellet.se\/en\/wp-json\/wp\/v2\/pages\/221","targetHints":{"allow":["GET"]}}],"collection":[{"href":"https:\/\/atellet.se\/en\/wp-json\/wp\/v2\/pages"}],"about":[{"href":"https:\/\/atellet.se\/en\/wp-json\/wp\/v2\/types\/page"}],"author":[{"embeddable":true,"href":"https:\/\/atellet.se\/en\/wp-json\/wp\/v2\/users\/1"}],"replies":[{"embeddable":true,"href":"https:\/\/atellet.se\/en\/wp-json\/wp\/v2\/comments?post=221"}],"version-history":[{"count":0,"href":"https:\/\/atellet.se\/en\/wp-json\/wp\/v2\/pages\/221\/revisions"}],"wp:attachment":[{"href":"https:\/\/atellet.se\/en\/wp-json\/wp\/v2\/media?parent=221"}],"curies":[{"name":"wp","href":"https:\/\/api.w.org\/{rel}","templated":true}]}}