{"id":235,"date":"2024-12-14T20:18:21","date_gmt":"2024-12-14T19:18:21","guid":{"rendered":"https:\/\/atellet.se\/?page_id=235"},"modified":"2024-12-14T20:26:37","modified_gmt":"2024-12-14T19:26:37","slug":"kontakt","status":"publish","type":"page","link":"https:\/\/atellet.se\/en\/kontakt\/","title":{"rendered":"CONTACT US"},"content":{"rendered":"<div class=\"wp-block-group alignwide has-global-padding is-layout-constrained wp-block-group-is-layout-constrained\">\n<div class=\"wp-block-columns alignwide is-layout-flex wp-container-core-columns-is-layout-28f84493 wp-block-columns-is-layout-flex\">\n<div class=\"wp-block-column is-layout-flow wp-block-column-is-layout-flow\">\n<h1 class=\"wp-block-heading\">Meeting place \u00c5tellet<\/h1>\n\n\n\n<p>We have created a natural meeting place for boaters, business people, Friday celebrators, Sunday strollers, wide-eyed tourists from abroad, Christmas shoppers from Stockholm and all kinds of people from Roeselare. We offer fantastic food and drinks in our restaurant and bar.<\/p>\n\n\n\n<p>A warm welcome to us!<\/p>\n\n\n\n<h2 class=\"wp-block-heading\">Our vision<\/h2>\n\n\n\n<p>We care a lot about our beautiful city of Norrt\u00e4lje and want to use local contractors, suppliers etc. as much as possible. This applies to everything from the ingredients on our breakfast buffet, in our restaurant &amp; bar but also our supplier of electricity, internet &amp; interior design.<\/p>\n\n\n\n<p>We are working to reduce food waste.<br>About a third of all food produced in Sweden ends up in the trash. At \u00c5tellet, we see an opportunity to help both the environment and the company to make better use of food. Instead of throwing away leftover food, we sell lunch boxes from lunch. And at 1\/2 price!<br>Reducing food waste is part of \u00c5tel's sustainability work!<\/p>\n\n\n\n<h2 class=\"wp-block-heading\">Dogs<\/h2>\n\n\n\n<p>You are very welcome to bring your four-legged friends to us, but we want to make it clear that it comes with responsibility from you as an owner.<br>-We do not want your dogs to bark as it disturbs other guests, if you know that your little friend can not always be quiet, we would like you to leave him at home.<br>Our restaurant is only intended to feed our two-legged guests, not your four-legged friends, so we will have to ask you to give them their meal before or after your visit to us.<br>- We would also like to remind you that we are sometimes visited by people with fur allergies, so we would very much like you to let your four-legged friends stay on the floor, not on our furniture.<\/p>\n\n\n\n<p>At the hotel we have a limited number of rooms where we allow dogs, please contact us if you wish to book a dog room.<\/p>\n<\/div>\n\n\n\n<div class=\"wp-block-column is-layout-flow wp-block-column-is-layout-flow\">\n<figure class=\"wp-block-image size-large\"><img decoding=\"async\" width=\"683\" height=\"1024\" src=\"https:\/\/atellet.se\/wp-content\/uploads\/2024\/12\/0H3A4700.jpg-683x1024.webp\" alt=\"\" class=\"wp-image-236\" srcset=\"https:\/\/atellet.se\/wp-content\/uploads\/2024\/12\/0H3A4700.jpg-683x1024.webp 683w, https:\/\/atellet.se\/wp-content\/uploads\/2024\/12\/0H3A4700.jpg-200x300.webp 200w, https:\/\/atellet.se\/wp-content\/uploads\/2024\/12\/0H3A4700.jpg-768x1152.webp 768w, https:\/\/atellet.se\/wp-content\/uploads\/2024\/12\/0H3A4700.jpg.webp 800w\" sizes=\"(max-width: 683px) 100vw, 683px\" \/><\/figure>\n<\/div>\n<\/div>\n<\/div>\n\n\n\n<div class=\"wp-block-group alignwide has-global-padding is-layout-constrained wp-block-group-is-layout-constrained\">\n<iframe src=\"https:\/\/www.google.com\/maps\/embed?pb=!1m18!1m12!1m3!1d2009.4896072389554!2d18.70477237726098!3d59.75792997482469!2m3!1f0!2f0!3f0!3m2!1i1024!2i768!4f13.1!3m3!1m2!1s0x465ff64ca6bf286b%3A0x6b6b3274d69c64ed!2s%C3%85tellet%20Hotell%20och%20Restaurang!5e0!3m2!1ssv!2sse!4v1734204261079!5m2!1ssv!2sse\" width=\"600\" height=\"450\" style=\"border:0;\" allowfullscreen=\"\" loading=\"lazy\" referrerpolicy=\"no-referrer-when-downgrade\"><\/iframe>\n<\/div>","protected":false},"excerpt":{"rendered":"<p>M\u00f6tesplats \u00c5tellet Vi har skapat en naturlig m\u00f6tesplats f\u00f6r b\u00e5tfolk, aff\u00e4rsfolk, fredagsfirare, s\u00f6ndagsflan\u00f6rer, stor\u00f6gda utlandsturister, julshoppande stockholmare och allsk\u00f6ns roslagsbor. Vi erbjuder fantastisk mat &amp; dryck i v\u00e5r restaurang &amp; bar. Varmt v\u00e4lkomna till oss! V\u00e5r vision Vi v\u00e4rnar mycket om v\u00e5r fina stad Norrt\u00e4lje och vill i st\u00f6rsta m\u00f6jliga utstr\u00e4ckning anv\u00e4nda oss av lokala [&hellip;]<\/p>\n","protected":false},"author":1,"featured_media":0,"parent":0,"menu_order":0,"comment_status":"closed","ping_status":"closed","template":"","meta":{"_gspb_post_css":"","greyd_block_editor_preview":[],"iawp_total_views":977,"footnotes":""},"class_list":["post-235","page","type-page","status-publish","hentry"],"_links":{"self":[{"href":"https:\/\/atellet.se\/en\/wp-json\/wp\/v2\/pages\/235","targetHints":{"allow":["GET"]}}],"collection":[{"href":"https:\/\/atellet.se\/en\/wp-json\/wp\/v2\/pages"}],"about":[{"href":"https:\/\/atellet.se\/en\/wp-json\/wp\/v2\/types\/page"}],"author":[{"embeddable":true,"href":"https:\/\/atellet.se\/en\/wp-json\/wp\/v2\/users\/1"}],"replies":[{"embeddable":true,"href":"https:\/\/atellet.se\/en\/wp-json\/wp\/v2\/comments?post=235"}],"version-history":[{"count":0,"href":"https:\/\/atellet.se\/en\/wp-json\/wp\/v2\/pages\/235\/revisions"}],"wp:attachment":[{"href":"https:\/\/atellet.se\/en\/wp-json\/wp\/v2\/media?parent=235"}],"curies":[{"name":"wp","href":"https:\/\/api.w.org\/{rel}","templated":true}]}}