{"id":252,"date":"2024-12-14T20:54:23","date_gmt":"2024-12-14T19:54:23","guid":{"rendered":"https:\/\/atellet.se\/?page_id=252"},"modified":"2024-12-14T20:54:24","modified_gmt":"2024-12-14T19:54:24","slug":"betalningsvillkor","status":"publish","type":"page","link":"https:\/\/atellet.se\/en\/betalningsvillkor\/","title":{"rendered":"Terms of payment"},"content":{"rendered":"<div class=\"wp-block-group has-global-padding is-layout-constrained wp-block-group-is-layout-constrained\">\n<h1 class=\"wp-block-heading\"><strong>Terms of payment&nbsp;<\/strong><\/h1>\n\n\n\n<p>\u00c5-tellet i norrt\u00e4lje AB (org. 556742-4386)<\/p>\n\n\n\n<h2 class=\"wp-block-heading\"><strong>Payment<\/strong><\/h2>\n\n\n\n<p>Payment is made at check-in and you can pay with Visa, Mastercard and American Express. Since June 1, 2021, we are a cashless hotel and do not accept Swedish kronor or other currencies. In some cases, prepayment may be requested, we will notify you before arrival. If you wish to pay for your stay before arrival, please inform us at the time of booking.<\/p>\n\n\n\n<h2 class=\"wp-block-heading\">Invoice<\/h2>\n\n\n\n<p>It is possible to pay by invoice if the company meets the requirements of our finance department, we always do a credit check. If you wish to pay for your stay or restaurant visit by invoice, you must contact us at least 5 days before via email and provide us with information such as organization number, full invoice address and any reference. We will then get back to you when we have received a response from the finance department with approval or rejection of invoicing. Contact us at&nbsp;<a href=\"mailto:info@atellet.se\" target=\"_blank\" rel=\"noreferrer noopener\">info@atellet.se<\/a>. We only invoice Swedish companies and private individuals, partnerships or associations. We apply 10 days payment terms on invoices unless otherwise agreed. If the payment deadline is exceeded, the supplier is entitled to charge interest on arrears from the due date at the current reference rate plus eight percentage points. When invoicing, an invoicing fee of SEK 45 will be added. If you provide us with a working email address for invoices via PDF before invoicing, we will not charge an invoicing fee.<\/p>\n<\/div>","protected":false},"excerpt":{"rendered":"<p>Betalningsvillkor&nbsp; \u00c5-tellet i norrt\u00e4lje AB (org. 556742-4386) Betalning Betalning sker vid incheckning och man kan betala med Visa, Mastercard och American Express. Sedan den 1 juni 2021 \u00e4r vi ett kontantfritt hotell och tar inte emot svenska kronor eller annan valuta. I vissa fall kan f\u00f6rbetalning beg\u00e4ras, detta meddelar vi innan ankomsten. \u00d6nskar ni sj\u00e4lva [&hellip;]<\/p>\n","protected":false},"author":1,"featured_media":0,"parent":0,"menu_order":0,"comment_status":"closed","ping_status":"closed","template":"","meta":{"_gspb_post_css":"","greyd_block_editor_preview":[],"iawp_total_views":181,"footnotes":""},"class_list":["post-252","page","type-page","status-publish","hentry"],"_links":{"self":[{"href":"https:\/\/atellet.se\/en\/wp-json\/wp\/v2\/pages\/252","targetHints":{"allow":["GET"]}}],"collection":[{"href":"https:\/\/atellet.se\/en\/wp-json\/wp\/v2\/pages"}],"about":[{"href":"https:\/\/atellet.se\/en\/wp-json\/wp\/v2\/types\/page"}],"author":[{"embeddable":true,"href":"https:\/\/atellet.se\/en\/wp-json\/wp\/v2\/users\/1"}],"replies":[{"embeddable":true,"href":"https:\/\/atellet.se\/en\/wp-json\/wp\/v2\/comments?post=252"}],"version-history":[{"count":0,"href":"https:\/\/atellet.se\/en\/wp-json\/wp\/v2\/pages\/252\/revisions"}],"wp:attachment":[{"href":"https:\/\/atellet.se\/en\/wp-json\/wp\/v2\/media?parent=252"}],"curies":[{"name":"wp","href":"https:\/\/api.w.org\/{rel}","templated":true}]}}