{"id":256,"date":"2024-12-14T20:56:53","date_gmt":"2024-12-14T19:56:53","guid":{"rendered":"https:\/\/atellet.se\/?page_id=256"},"modified":"2024-12-14T20:56:53","modified_gmt":"2024-12-14T19:56:53","slug":"jobba-hos-oss","status":"publish","type":"page","link":"https:\/\/atellet.se\/en\/jobba-hos-oss\/","title":{"rendered":"Working with us"},"content":{"rendered":"\n<div class=\"wp-block-group has-global-padding is-layout-constrained wp-block-group-is-layout-constrained\">\n<div class=\"wp-block-columns is-layout-flex wp-container-core-columns-is-layout-28f84493 wp-block-columns-is-layout-flex\">\n<div class=\"wp-block-column is-layout-flow wp-block-column-is-layout-flow\">\n<h2 class=\"wp-block-heading\">Jobba hos oss<\/h2>\n\n\n\n<p>Nu s\u00f6ker vi fast servispersonal till \u00c5tellet. Vi har behov av erfaren servispersonal. Du b\u00f6r ha arbetat n\u00e5gra \u00e5r och ha referenser fr\u00e5n restaurang med al la carte servering och fyllt 20 \u00e5r.<\/p>\n\n\n\n<p>\u00c5tellets har varit i drift under 16 \u00e5r och vi har skapat en plats och atmosf\u00e4r d\u00e4r m\u00e5nga g\u00e4ster trivs, p\u00e5 v\u00e5r underbara uteservering l\u00e4ngs med vattnet kan vi erbjuder plats f\u00f6r ca 80 g\u00e4ster och inomhus \u00e4ven d\u00e4r 80 platser. Vi har \u00f6ppet alla dagar i veckan fr\u00e5n tidig morgon till sen kv\u00e4ll, som servispersonal arbetar du lunch och\/eller kv\u00e4ll, vardag som helg. V\u00e5r bar \u00e4r mycket popul\u00e4r b\u00e5de av AW g\u00e4sten och den g\u00e4st som \u00f6nskar sig en trevlig cocktail senare p\u00e5 kv\u00e4llen. V\u00e4lkommen med din ans\u00f6kan till v\u00e5r VD Susanna Fagerstr\u00f6m p\u00e5 mail:&nbsp;<a href=\"mailto:sanna@atellet.se\">sanna@atellet.se<\/a><\/p>\n\n\n\n<p>Det g\u00e5r alltid att skicka in intresseanm\u00e4lan f\u00f6r att arbeta hos oss p\u00e5 info@atellet.se<\/p>\n<\/div>\n\n\n\n<div class=\"wp-block-column is-layout-flow wp-block-column-is-layout-flow\">\n<h2 class=\"wp-block-heading\">Skicka in en intresseanm\u00e4lan<\/h2>\n\n\n\n<p><a href=\"https:\/\/www.facebook.com\/atellet\/\" target=\"_blank\" rel=\"noreferrer noopener\"><\/a><a href=\"https:\/\/www.instagram.com\/atelletnorrtalje\/?hl=sv\" target=\"_blank\" rel=\"noreferrer noopener\"><\/a><a href=\"https:\/\/www.tripadvisor.se\/Restaurant_Review-g1202817-d3512413-Reviews-Atellet-Norrtalje_Norrtalje_Municipality.html\" target=\"_blank\" rel=\"noreferrer noopener\"><\/a><\/p>\n\n\n<div class='fluentform ff-default fluentform_wrapper_5  ff_guten_block ff_guten_block-5 ffs_default_wrap'><form data-form_id=\"5\" id=\"fluentform_5\" class=\"frm-fluent-form fluent_form_5 ff-el-form-top ff_form_instance_5_1 ff-form-loading ffs_default\" data-form_instance=\"ff_form_instance_5_1\" method=\"POST\" ><fieldset  style=\"border: none!important;margin: 0!important;padding: 0!important;background-color: transparent!important;box-shadow: none!important;outline: none!important; min-inline-size: 100%;\">\n                    <legend class=\"ff_screen_reader_title\" style=\"display: block; margin: 0!important;padding: 0!important;height: 0!important;text-indent: -999999px;width: 0!important;overflow:hidden;\">Jobb<\/legend><input type='hidden' name='__fluent_form_embded_post_id' value='256' \/><input type=\"hidden\" id=\"_fluentform_5_fluentformnonce\" name=\"_fluentform_5_fluentformnonce\" value=\"858a6ab5ea\" \/><input type=\"hidden\" name=\"_wp_http_referer\" value=\"\/en\/wp-json\/wp\/v2\/pages\/256\" \/><div data-type=\"name-element\" data-name=\"name_1\" class=\" ff-field_container ff-name-field-wrapper\" ><div class='ff-t-container'><div class='ff-t-cell '><div class='ff-el-group  ff-el-form-top'><div class=\"ff-el-input--label ff-el-is-required asterisk-right\"><label for='ff_5_name_1_first_1_3_' id='label_ff_5_name_1_first_1_3_' >First<\/label><\/div><div class='ff-el-input--content'><input type=\"text\" name=\"name_1[first_1_3]\" id=\"ff_5_name_1_first_1_3_\" class=\"ff-el-form-control\" placeholder=\"First Name\" aria-invalid=\"false\" aria-required=true><\/div><\/div><\/div><div class='ff-t-cell '><div class='ff-el-group  ff-el-form-top'><div class=\"ff-el-input--label ff-el-is-required asterisk-right\"><label for='ff_5_name_1_last_1_6_' id='label_ff_5_name_1_last_1_6_' >Last<\/label><\/div><div class='ff-el-input--content'><input type=\"text\" name=\"name_1[last_1_6]\" id=\"ff_5_name_1_last_1_6_\" class=\"ff-el-form-control\" placeholder=\"Last Name\" aria-invalid=\"false\" aria-required=true><\/div><\/div><\/div><\/div><\/div><div class='ff-el-group ff-el-form-top'><div class=\"ff-el-input--label ff-el-is-required asterisk-right\"><label for='ff_5_email_3' id='label_ff_5_email_3' aria-label=\"Email\">Email<\/label><\/div><div class='ff-el-input--content'><input type=\"email\" name=\"email_3\" class=\"ff-el-form-control\" id=\"ff_5_email_3\" data-name=\"email_3\"  aria-invalid=\"false\" aria-required=true><\/div><\/div><div class='ff-el-group ff-el-form-top'><div class=\"ff-el-input--label ff-el-is-required asterisk-right\"><label for='ff_5_mobilnummer_4' id='label_ff_5_mobilnummer_4' aria-label=\"Mobilnummer\">Mobilnummer<\/label><\/div><div class='ff-el-input--content'><input type=\"text\" name=\"mobilnummer_4\" class=\"ff-el-form-control\" id=\"ff_5_mobilnummer_4\" data-name=\"mobilnummer_4\"  aria-invalid=\"false\" aria-required=true><\/div><\/div><div class='ff-el-group ff-el-form-top'><div class=\"ff-el-input--label asterisk-right\"><label for='ff_5_vilka_avdelningar_ar_du_intresserad_av_att_jobba_pa_6' id='label_ff_5_vilka_avdelningar_ar_du_intresserad_av_att_jobba_pa_6' aria-label=\"Vilka avdelningar \u00e4r du intresserad av att jobba p\u00e5?\">Vilka avdelningar \u00e4r du intresserad av att jobba p\u00e5?<\/label><\/div><div class='ff-el-input--content'><textarea aria-required=\"false\" aria-labelledby=\"label_ff_5_vilka_avdelningar_ar_du_intresserad_av_att_jobba_pa_6\" name=\"vilka_avdelningar_ar_du_intresserad_av_att_jobba_pa_6\" class=\"ff-el-form-control\" id=\"ff_5_vilka_avdelningar_ar_du_intresserad_av_att_jobba_pa_6\" cols=\"2\" data-name=\"vilka_avdelningar_ar_du_intresserad_av_att_jobba_pa_6\" ><\/textarea><\/div><\/div><div class='ff-el-group ff-text-left ff_submit_btn_wrapper'><button type=\"submit\" class=\"ff-btn ff-btn-submit ff-btn-md ff_btn_style wpf_has_custom_css\"  aria-label=\"Ans\u00f6k!\">Ans\u00f6k!<\/button><\/div><\/fieldset><\/form><div id='fluentform_5_errors' class='ff-errors-in-stack ff_form_instance_5_1 ff-form-loading_errors ff_form_instance_5_1_errors'><\/div><\/div>            <script type=\"text\/javascript\">\n                window.fluent_form_ff_form_instance_5_1 = {\"id\":\"5\",\"settings\":{\"layout\":{\"labelPlacement\":\"top\",\"helpMessagePlacement\":\"with_label\",\"errorMessagePlacement\":\"inline\",\"cssClassName\":\"\",\"asteriskPlacement\":\"asterisk-right\"},\"restrictions\":{\"denyEmptySubmission\":{\"enabled\":false}}},\"form_instance\":\"ff_form_instance_5_1\",\"form_id_selector\":\"fluentform_5\",\"rules\":{\"name_1[first_1_3]\":{\"required\":{\"value\":true,\"message\":\"This field is required\",\"global\":false,\"global_message\":\"This field is required\"}},\"name_1[middle_1_4]\":{\"required\":{\"value\":false,\"message\":\"This field is required\",\"global\":false,\"global_message\":\"This field is required\"}},\"name_1[last_1_6]\":{\"required\":{\"value\":true,\"message\":\"This field is required\",\"global\":false,\"global_message\":\"This field is required\"}},\"email_3\":{\"required\":{\"value\":true,\"message\":\"This field is required\",\"global\":false,\"global_message\":\"This field is required\"},\"email\":{\"value\":1,\"message\":\"This field must contain a valid email\",\"global\":false,\"global_message\":\"This field must contain a valid email\"}},\"mobilnummer_4\":{\"required\":{\"value\":true,\"message\":\"This field is required\",\"global\":false,\"global_message\":\"This field is required\"}},\"file-upload\":{\"required\":{\"value\":false,\"message\":\"This field is required\",\"global_message\":\"This field is required\",\"global\":true},\"max_file_size\":{\"value\":5242880,\"_valueFrom\":\"MB\",\"message\":\"Validation fails for maximum file size\",\"global_message\":\"Validation fails for maximum file size\",\"global\":true},\"max_file_count\":{\"value\":1,\"message\":\"Validation fails for maximum file count\",\"global_message\":\"Validation fails for maximum file count\",\"global\":true},\"allowed_file_types\":{\"value\":[\"doc|ppt|pps|xls|mdb|docx|xlsx|pptx|odt|odp|ods|odg|odc|odb|odf|rtf|txt\",\"pdf\"],\"message\":\"Invalid file type\",\"global_message\":\"Allowed image types does not match\",\"global\":true}},\"vilka_avdelningar_ar_du_intresserad_av_att_jobba_pa_6\":{\"required\":{\"value\":false,\"message\":\"This field is required\",\"global\":false,\"global_message\":\"This field is required\"}}},\"debounce_time\":300};\n                            <\/script>\n            <\/div>\n<\/div>\n<\/div>\n","protected":false},"excerpt":{"rendered":"<p>Jobba hos oss Nu s\u00f6ker vi fast servispersonal till \u00c5tellet. Vi har behov av erfaren servispersonal. Du b\u00f6r ha arbetat n\u00e5gra \u00e5r och ha referenser fr\u00e5n restaurang med al la carte servering och fyllt 20 \u00e5r. \u00c5tellets har varit i drift under 16 \u00e5r och vi har skapat en plats och atmosf\u00e4r d\u00e4r m\u00e5nga g\u00e4ster [&hellip;]<\/p>\n","protected":false},"author":1,"featured_media":0,"parent":0,"menu_order":0,"comment_status":"closed","ping_status":"closed","template":"","meta":{"_gspb_post_css":"","greyd_block_editor_preview":[],"iawp_total_views":877,"footnotes":""},"class_list":["post-256","page","type-page","status-publish","hentry"],"_links":{"self":[{"href":"https:\/\/atellet.se\/en\/wp-json\/wp\/v2\/pages\/256","targetHints":{"allow":["GET"]}}],"collection":[{"href":"https:\/\/atellet.se\/en\/wp-json\/wp\/v2\/pages"}],"about":[{"href":"https:\/\/atellet.se\/en\/wp-json\/wp\/v2\/types\/page"}],"author":[{"embeddable":true,"href":"https:\/\/atellet.se\/en\/wp-json\/wp\/v2\/users\/1"}],"replies":[{"embeddable":true,"href":"https:\/\/atellet.se\/en\/wp-json\/wp\/v2\/comments?post=256"}],"version-history":[{"count":0,"href":"https:\/\/atellet.se\/en\/wp-json\/wp\/v2\/pages\/256\/revisions"}],"wp:attachment":[{"href":"https:\/\/atellet.se\/en\/wp-json\/wp\/v2\/media?parent=256"}],"curies":[{"name":"wp","href":"https:\/\/api.w.org\/{rel}","templated":true}]}}