{"id":305,"date":"2024-12-15T18:06:22","date_gmt":"2024-12-15T17:06:22","guid":{"rendered":"https:\/\/atellet.se\/?page_id=305"},"modified":"2026-01-11T14:43:01","modified_gmt":"2026-01-11T13:43:01","slug":"skaldjursmeny","status":"publish","type":"page","link":"https:\/\/atellet.se\/en\/skaldjursmeny\/","title":{"rendered":"Seafood menu"},"content":{"rendered":"<div class=\"wp-block-group alignwide has-global-padding is-layout-constrained wp-block-group-is-layout-constrained\">\n<div class=\"wp-block-columns alignwide is-layout-flex wp-container-core-columns-is-layout-28f84493 wp-block-columns-is-layout-flex\">\n<div class=\"wp-block-column is-layout-flow wp-block-column-is-layout-flow\">\n<h1 class=\"wp-block-heading\" id=\"skaldjursmeny\">Seafood menu<\/h1>\n\n\n\n<p>Den 24 januari 2026 erbjuder vi v\u00e5r \u00e5rliga skaldjursafton.<br>Come and enjoy a delicious seafood platter and overnight stay.<br><br>For dinner, you will be served a delicious seafood dinner at the table.<\/p>\n\n\n\n<p>Pris fr\u00e5n 1645:- per person i del av dubbelrum. Paket g\u00e4ller endast detta datum. I paketet ing\u00e5r \u00f6vernattning i dubbelrum, frukost samt skaldjursmiddag.<\/p>\n\n\n\n<p>Vill ni boka enbart skaldjursmenyn \u00e4r priset 990 kr pp<\/p>\n\n\n\n<p><strong>Appetizer<\/strong><\/p>\n\n\n\n<p>Hummersoppa, harissa, krutonger, dill<\/p>\n\n\n\n<p><strong>Skaldjursplat\u00e5<\/strong><\/p>\n\n\n\n<p>3 x Ostron<\/p>\n\n\n\n<p>3 x Havskr\u00e4ftor<\/p>\n\n\n\n<p>&nbsp;\u00bd Krabba<\/p>\n\n\n\n<p>\u00bd Hummer<\/p>\n\n\n\n<p>150 g R\u00f6kta r\u00e4kor<\/p>\n\n\n\n<p>Chilimajonn\u00e4s<\/p>\n\n\n\n<p>Aioli<\/p>\n\n\n\n<p>Schalottenl\u00f6ksvinigrette<\/p>\n\n\n\n<p>Surdegsbr\u00f6d<\/p>\n\n\n\n<p>V\u00e4sterbottenost<\/p>\n\n\n\n<p>Vispat brynt sm\u00f6r<\/p>\n\n\n\n<p>Citron<\/p>\n\n\n\n<p>Dill<\/p>\n\n\n\n<div class=\"wp-block-buttons is-layout-flex wp-block-buttons-is-layout-flex\">\n<div id=\"greyd-69f46d941e69f\" class=\"wp-block-button\"><a class=\"wp-block-button__link wp-element-button\" href=\"https:\/\/picassoonline.techotel.dk\/sv\/atellet\/hotel\/booking\/rooms\/\" target=\"_blank\" rel=\"noopener\">Book<\/a><\/div>\n<\/div>\n<\/div>\n\n\n\n<div class=\"wp-block-column col-12 col-sm-auto is-layout-flow wp-block-column-is-layout-flow\">\n<figure class=\"wp-block-image size-large\"><img decoding=\"async\" width=\"1024\" height=\"1024\" src=\"https:\/\/atellet.se\/wp-content\/uploads\/2024\/12\/skaldjur.jpg-1024x1024.webp\" alt=\"\" class=\"wp-image-306\" srcset=\"https:\/\/atellet.se\/wp-content\/uploads\/2024\/12\/skaldjur.jpg-1024x1024.webp 1024w, https:\/\/atellet.se\/wp-content\/uploads\/2024\/12\/skaldjur.jpg-300x300.webp 300w, https:\/\/atellet.se\/wp-content\/uploads\/2024\/12\/skaldjur.jpg-150x150.webp 150w, https:\/\/atellet.se\/wp-content\/uploads\/2024\/12\/skaldjur.jpg-768x768.webp 768w, https:\/\/atellet.se\/wp-content\/uploads\/2024\/12\/skaldjur.jpg.webp 1067w\" sizes=\"(max-width: 1024px) 100vw, 1024px\" \/><\/figure>\n<\/div>\n<\/div>\n<\/div>","protected":false},"excerpt":{"rendered":"<p>Skaldjursmeny Den 24 januari 2026 erbjuder vi v\u00e5r \u00e5rliga skaldjursafton.Kom och njut av en h\u00e4rlig skaldjursplat\u00e5 och \u00f6vernattning. Till middagen serveras ni en h\u00e4rlig skaldjursmiddag vid bordet. Pris fr\u00e5n 1645:- per person i del av dubbelrum. Paket g\u00e4ller endast detta datum. I paketet ing\u00e5r \u00f6vernattning i dubbelrum, frukost samt skaldjursmiddag. Vill ni boka enbart skaldjursmenyn [&hellip;]<\/p>\n","protected":false},"author":1,"featured_media":0,"parent":0,"menu_order":0,"comment_status":"closed","ping_status":"closed","template":"","meta":{"_gspb_post_css":"","greyd_block_editor_preview":[],"iawp_total_views":420,"footnotes":""},"class_list":["post-305","page","type-page","status-publish","hentry"],"_links":{"self":[{"href":"https:\/\/atellet.se\/en\/wp-json\/wp\/v2\/pages\/305","targetHints":{"allow":["GET"]}}],"collection":[{"href":"https:\/\/atellet.se\/en\/wp-json\/wp\/v2\/pages"}],"about":[{"href":"https:\/\/atellet.se\/en\/wp-json\/wp\/v2\/types\/page"}],"author":[{"embeddable":true,"href":"https:\/\/atellet.se\/en\/wp-json\/wp\/v2\/users\/1"}],"replies":[{"embeddable":true,"href":"https:\/\/atellet.se\/en\/wp-json\/wp\/v2\/comments?post=305"}],"version-history":[{"count":0,"href":"https:\/\/atellet.se\/en\/wp-json\/wp\/v2\/pages\/305\/revisions"}],"wp:attachment":[{"href":"https:\/\/atellet.se\/en\/wp-json\/wp\/v2\/media?parent=305"}],"curies":[{"name":"wp","href":"https:\/\/api.w.org\/{rel}","templated":true}]}}