{"id":313,"date":"2024-12-15T18:11:53","date_gmt":"2024-12-15T17:11:53","guid":{"rendered":"https:\/\/atellet.se\/?page_id=313"},"modified":"2026-01-27T14:02:49","modified_gmt":"2026-01-27T13:02:49","slug":"gourmetpaket","status":"publish","type":"page","link":"https:\/\/atellet.se\/en\/gourmetpaket\/","title":{"rendered":"Gourmet package"},"content":{"rendered":"<div class=\"wp-block-group aligncenter has-global-padding is-layout-constrained wp-block-group-is-layout-constrained\" style=\"padding-top:var(--wp--preset--spacing--large);padding-bottom:var(--wp--preset--spacing--large)\">\n<div class=\"wp-block-columns alignwide is-layout-flex wp-container-core-columns-is-layout-28f84493 wp-block-columns-is-layout-flex\">\n<div class=\"wp-block-column col-12 col-sm-auto is-layout-flow wp-block-column-is-layout-flow\">\n<h1 class=\"wp-block-heading\" id=\"gourmetpaket\">Gourmet package<\/h1>\n\n\n\n<p>Enjoy the small town of Norrt\u00e4lje and take the opportunity to take a shopping tour before you check in. In the hotel room, a glass of sparkling wine awaits you and during the evening we serve you a delicious tasting menu with well-selected wines. Treat yourself to a sleeping morning &amp; a hotel breakfast in a lovely environment.<\/p>\n\n\n\n<h2 class=\"wp-block-heading\" id=\"gourmetpaket-innehall\">Contents<\/h2>\n\n\n\n<p>The package includes:<br>- Overnight stay in a shared double room<br>- Sparkling wine<br>- Tasting menu with drinks package<br>- Breakfast buffet<\/p>\n\n\n\n<p>Price from 2200 SEK per person.<\/p>\n\n\n\n<p>Book the Gourmet Package by phone on 0176-700 450, by email at info@atellet.se or via the booking button below. Please let the hotel know what time you wish to have dinner.<\/p>\n\n\n\n<p>Limited number of places. <\/p>\n\n\n\n<div class=\"wp-block-buttons is-layout-flex wp-block-buttons-is-layout-flex\">\n<div id=\"greyd-69f57c1cb1d8f\" class=\"wp-block-button\"><a class=\"wp-block-button__link wp-element-button\" href=\"https:\/\/picassoonline.techotel.dk\/sv\/atellet\/hotel\/booking\/rooms\/\" target=\"_blank\" rel=\"noopener\">Book<\/a><\/div>\n<\/div>\n<\/div>\n\n\n\n<div class=\"wp-block-column col-12 col-sm-auto is-layout-flow wp-block-column-is-layout-flow\">\n<figure class=\"wp-block-image size-full\"><img decoding=\"async\" width=\"563\" height=\"844\" src=\"https:\/\/atellet.se\/wp-content\/uploads\/2024\/12\/Vip.jpg.webp\" alt=\"Gourmetpaket p\u00e5 \u00c5tellet\" class=\"wp-image-112\" srcset=\"https:\/\/atellet.se\/wp-content\/uploads\/2024\/12\/Vip.jpg.webp 563w, https:\/\/atellet.se\/wp-content\/uploads\/2024\/12\/Vip.jpg-200x300.webp 200w\" sizes=\"(max-width: 563px) 100vw, 563px\" \/><\/figure>\n<\/div>\n<\/div>\n<\/div>","protected":false},"excerpt":{"rendered":"<p>Gourmetpaket Njut av sm\u00e5staden Norrt\u00e4lje och passa p\u00e5 att ta en shoppingrunda innan ni checkar in. P\u00e5 hotellrummet v\u00e4ntar varsitt glas mousserande vin och under kv\u00e4llen serverar vi er en h\u00e4rlig avsmakningsmeny med v\u00e4l utvalda viner. Unna er en sovmorgon &amp; en hotellfrukost i h\u00e4rlig milj\u00f6. Inneh\u00e5ll I paketet ing\u00e5r:\u2022 \u00d6vernattning i del av dubbelrum\u2022 [&hellip;]<\/p>\n","protected":false},"author":1,"featured_media":0,"parent":0,"menu_order":0,"comment_status":"closed","ping_status":"closed","template":"","meta":{"_gspb_post_css":"","greyd_block_editor_preview":[],"iawp_total_views":1139,"footnotes":""},"class_list":["post-313","page","type-page","status-publish","hentry"],"_links":{"self":[{"href":"https:\/\/atellet.se\/en\/wp-json\/wp\/v2\/pages\/313","targetHints":{"allow":["GET"]}}],"collection":[{"href":"https:\/\/atellet.se\/en\/wp-json\/wp\/v2\/pages"}],"about":[{"href":"https:\/\/atellet.se\/en\/wp-json\/wp\/v2\/types\/page"}],"author":[{"embeddable":true,"href":"https:\/\/atellet.se\/en\/wp-json\/wp\/v2\/users\/1"}],"replies":[{"embeddable":true,"href":"https:\/\/atellet.se\/en\/wp-json\/wp\/v2\/comments?post=313"}],"version-history":[{"count":0,"href":"https:\/\/atellet.se\/en\/wp-json\/wp\/v2\/pages\/313\/revisions"}],"wp:attachment":[{"href":"https:\/\/atellet.se\/en\/wp-json\/wp\/v2\/media?parent=313"}],"curies":[{"name":"wp","href":"https:\/\/api.w.org\/{rel}","templated":true}]}}