{"id":34,"date":"2024-12-13T17:56:59","date_gmt":"2024-12-13T16:56:59","guid":{"rendered":"https:\/\/atellet.se\/?page_id=34"},"modified":"2024-12-13T17:58:49","modified_gmt":"2024-12-13T16:58:49","slug":"helgmys","status":"publish","type":"page","link":"https:\/\/atellet.se\/en\/helgmys\/","title":{"rendered":"Holiday cheer"},"content":{"rendered":"<div class=\"wp-block-group has-global-padding is-layout-constrained wp-block-group-is-layout-constrained\">\n<div class=\"wp-block-columns is-layout-flex wp-container-core-columns-is-layout-28f84493 wp-block-columns-is-layout-flex\">\n<div class=\"wp-block-column is-layout-flow wp-block-column-is-layout-flow\" style=\"flex-basis:50%;width:50%\">\n<h1 class=\"wp-block-heading\">Holiday furniture packages<\/h1>\n\n\n\n<p>Cozy up for the weekend with a welcome drink &amp; charcuterie when you check in followed by a 3-course dinner. Our weekend cozy package can be booked on Fridays &amp; Saturdays or the whole weekend. This package is also perfect for those who want to come in larger groups and celebrate special days!<\/p>\n\n\n\n<p>Click on the link below for more tips on what to do in Norrt\u00e4lje and Roslagen.&nbsp;<a rel=\"noreferrer noopener\" href=\"https:\/\/www.roslagen.se\/norrtalje\" target=\"_blank\">Things to do in Norrt\u00e4lje<\/a><\/p>\n\n\n\n<p>Price from 1598:- per person in a shared double room.<\/p>\n\n\n\n<p>The package includes:<br>- Welcome drink &amp; charcuterie in the lounge<br>- Overnight stay<br>- 3-course dinner<br>- Breakfast buffet<\/p>\n\n\n\n<p>*If you book the whole weekend, it includes drinks &amp; charcuterie and dinner on one occasion.<\/p>\n<\/div>\n\n\n\n<div class=\"wp-block-column is-layout-flow wp-block-column-is-layout-flow\" style=\"flex-basis:50%;width:50%\">\n<figure class=\"wp-block-image size-full\"><img decoding=\"async\" width=\"375\" height=\"563\" src=\"https:\/\/atellet.se\/wp-content\/uploads\/2024\/12\/atellet_helgmys.webp\" alt=\"\" class=\"wp-image-32\" style=\"aspect-ratio:9\/16;object-fit:cover\" srcset=\"https:\/\/atellet.se\/wp-content\/uploads\/2024\/12\/atellet_helgmys.webp 375w, https:\/\/atellet.se\/wp-content\/uploads\/2024\/12\/atellet_helgmys-200x300.webp 200w\" sizes=\"(max-width: 375px) 100vw, 375px\" \/><\/figure>\n<\/div>\n<\/div>\n<\/div>","protected":false},"excerpt":{"rendered":"<p>Helgmyspaket Mys in helgen med en v\u00e4lkomstdrink &amp; chark n\u00e4r ni checkar in till f\u00f6ljd av en 3-r\u00e4tters middag. V\u00e5rt helgmyspaket g\u00e5r att boka fredagar &amp; l\u00f6rdagar eller hela helgen. Detta paket \u00e4r \u00e4ven perfekt f\u00f6r er som vill komma i st\u00f6rre s\u00e4llskap och fira speciella dagar! Klicka p\u00e5 l\u00e4nken nedan om ni vill ha [&hellip;]<\/p>\n","protected":false},"author":1,"featured_media":0,"parent":0,"menu_order":0,"comment_status":"closed","ping_status":"closed","template":"","meta":{"_gspb_post_css":"","greyd_block_editor_preview":[],"iawp_total_views":33,"footnotes":""},"class_list":["post-34","page","type-page","status-publish","hentry"],"_links":{"self":[{"href":"https:\/\/atellet.se\/en\/wp-json\/wp\/v2\/pages\/34","targetHints":{"allow":["GET"]}}],"collection":[{"href":"https:\/\/atellet.se\/en\/wp-json\/wp\/v2\/pages"}],"about":[{"href":"https:\/\/atellet.se\/en\/wp-json\/wp\/v2\/types\/page"}],"author":[{"embeddable":true,"href":"https:\/\/atellet.se\/en\/wp-json\/wp\/v2\/users\/1"}],"replies":[{"embeddable":true,"href":"https:\/\/atellet.se\/en\/wp-json\/wp\/v2\/comments?post=34"}],"version-history":[{"count":0,"href":"https:\/\/atellet.se\/en\/wp-json\/wp\/v2\/pages\/34\/revisions"}],"wp:attachment":[{"href":"https:\/\/atellet.se\/en\/wp-json\/wp\/v2\/media?parent=34"}],"curies":[{"name":"wp","href":"https:\/\/api.w.org\/{rel}","templated":true}]}}