{"id":743,"date":"2025-01-25T13:02:32","date_gmt":"2025-01-25T12:02:32","guid":{"rendered":"https:\/\/atellet.se\/?page_id=743"},"modified":"2026-01-27T14:07:15","modified_gmt":"2026-01-27T13:07:15","slug":"avsmakningsmeny","status":"publish","type":"page","link":"https:\/\/atellet.se\/en\/avsmakningsmeny\/","title":{"rendered":"Tasting menu"},"content":{"rendered":"<div class=\"wp-block-group has-global-padding is-layout-constrained wp-block-group-is-layout-constrained\">\n<h1 class=\"wp-block-heading\" id=\"avsmakningsmeny\">Tasting menu<\/h1>\n\n\n\n<div class=\"wp-block-columns is-layout-flex wp-container-core-columns-is-layout-28f84493 wp-block-columns-is-layout-flex\">\n<div class=\"wp-block-column col-12 col-sm-auto is-layout-flow wp-block-column-is-layout-flow\">\n<h3 class=\"wp-block-heading\" id=\"avsmakningsmeny-1\">Tasting menu <\/h3>\n\n\n\n<p>Potatistunnbr\u00f6d, chili, plommonglazad svamp, silverl\u00f6k<\/p>\n\n\n\n<p>Laxtartar, jalape\u00f1o, frollrom, dill<\/p>\n\n\n\n<p>Bakad aubergine, chimichurri, hummus, parmesan<\/p>\n\n\n\n<p>Torskrygg bourguignon, stekl\u00f6k, r\u00f6kt sidfl\u00e4sk, palsternackaspur\u00e9<\/p>\n\n\n\n<p>crepes, apelsin, macadamian\u00f6tter, vanilj<\/p>\n\n\n\n<ul class=\"wp-block-list\">\n<li>Tasting menu 695:-<\/li>\n\n\n\n<li>Beverage package with alcohol 450:-<\/li>\n\n\n\n<li>Non-alcoholic drinks package 300:-<\/li>\n<\/ul>\n\n\n\n<blockquote class=\"wp-block-quote is-layout-flow wp-block-quote-is-layout-flow\">\n<p><\/p>\n<\/blockquote>\n<\/div>\n\n\n\n<div class=\"wp-block-column col-12 col-sm-auto is-layout-flow wp-block-column-is-layout-flow\">\n<figure class=\"wp-block-image size-full\"><img decoding=\"async\" width=\"1024\" height=\"683\" src=\"https:\/\/atellet.se\/wp-content\/uploads\/2024\/12\/Verandan-Atellet-1024x683.jpg.webp\" alt=\"\u00c5tellet, verandan\" class=\"wp-image-123\" srcset=\"https:\/\/atellet.se\/wp-content\/uploads\/2024\/12\/Verandan-Atellet-1024x683.jpg.webp 1024w, https:\/\/atellet.se\/wp-content\/uploads\/2024\/12\/Verandan-Atellet-1024x683.jpg-300x200.webp 300w, https:\/\/atellet.se\/wp-content\/uploads\/2024\/12\/Verandan-Atellet-1024x683.jpg-768x512.webp 768w\" sizes=\"(max-width: 1024px) 100vw, 1024px\" \/><\/figure>\n\n\n\n<div class=\"wp-block-buttons is-content-justification-center is-layout-flex wp-container-core-buttons-is-layout-a89b3969 wp-block-buttons-is-layout-flex\">\n<div id=\"greyd-69e04dc289eef\" class=\"wp-block-button\"><a class=\"wp-block-button__link wp-element-button\" href=\"https:\/\/booking.caspeco.net\/se_atenor\/1\" target=\"_blank\" rel=\"noopener\">Book a table<\/a><\/div>\n<\/div>\n<\/div>\n<\/div>\n\n\n\n<p><\/p>\n<\/div>\n\n\n\n<p><\/p>","protected":false},"excerpt":{"rendered":"<p>Avsmakningsmeny Avsmakningsmeny Potatistunnbr\u00f6d, chili, plommonglazad svamp, silverl\u00f6k Laxtartar, jalape\u00f1o, frollrom, dill Bakad aubergine, chimichurri, hummus, parmesan Torskrygg bourguignon, stekl\u00f6k, r\u00f6kt sidfl\u00e4sk, palsternackaspur\u00e9 crepes, apelsin, macadamian\u00f6tter, vanilj<\/p>","protected":false},"author":1,"featured_media":0,"parent":0,"menu_order":0,"comment_status":"closed","ping_status":"closed","template":"","meta":{"_gspb_post_css":"","greyd_block_editor_preview":[],"iawp_total_views":1582,"footnotes":""},"class_list":["post-743","page","type-page","status-publish","hentry"],"_links":{"self":[{"href":"https:\/\/atellet.se\/en\/wp-json\/wp\/v2\/pages\/743","targetHints":{"allow":["GET"]}}],"collection":[{"href":"https:\/\/atellet.se\/en\/wp-json\/wp\/v2\/pages"}],"about":[{"href":"https:\/\/atellet.se\/en\/wp-json\/wp\/v2\/types\/page"}],"author":[{"embeddable":true,"href":"https:\/\/atellet.se\/en\/wp-json\/wp\/v2\/users\/1"}],"replies":[{"embeddable":true,"href":"https:\/\/atellet.se\/en\/wp-json\/wp\/v2\/comments?post=743"}],"version-history":[{"count":0,"href":"https:\/\/atellet.se\/en\/wp-json\/wp\/v2\/pages\/743\/revisions"}],"wp:attachment":[{"href":"https:\/\/atellet.se\/en\/wp-json\/wp\/v2\/media?parent=743"}],"curies":[{"name":"wp","href":"https:\/\/api.w.org\/{rel}","templated":true}]}}