{"id":86,"date":"2024-12-13T18:36:44","date_gmt":"2024-12-13T17:36:44","guid":{"rendered":"https:\/\/atellet.se\/?page_id=86"},"modified":"2025-01-09T12:14:31","modified_gmt":"2025-01-09T11:14:31","slug":"hotell","status":"publish","type":"page","link":"https:\/\/atellet.se\/en\/hotell\/","title":{"rendered":"Hotels"},"content":{"rendered":"<div class=\"wp-block-group alignwide has-global-padding is-layout-constrained wp-block-group-is-layout-constrained\">\n<div class=\"wp-block-columns is-layout-flex wp-container-core-columns-is-layout-28f84493 wp-block-columns-is-layout-flex\">\n<div class=\"wp-block-column is-layout-flow wp-block-column-is-layout-flow\" style=\"flex-basis:66.66%;width:66.66%\">\n<h1 class=\"wp-block-heading\">Hotels<\/h1>\n\n\n\n<p>The building is made of wood in a style inspired by the wholesale villas of the late 19th century. The idea is to recreate some of the character that characterized Norrt\u00e4lje at this time. Prosperous archipelago town, built and decorated in wood. Playground for both Albert Engstr\u00f6m figures and King Oscar corpses. A hotel in Norrt\u00e4lje for everyone.<\/p>\n\n\n\n<h2 class=\"wp-block-heading\">Our rooms<\/h2>\n\n\n\n<p>The total area is 1100 m2 and is divided into 18 double rooms, 4 single rooms, restaurant, bar, sauna and conference floor with lounge. Large terrace with exit from our lounge where you have a wonderful view of Norrt\u00e4lje bay. Of course, our entire hotel is non-smoking.<\/p>\n\n\n\n<div class=\"wp-block-buttons is-layout-flex wp-block-buttons-is-layout-flex\">\n<div id=\"greyd-69e46afd3dbd0\" class=\"wp-block-button\" style=\"text-transform:uppercase\"><a class=\"wp-block-button__link wp-element-button\" href=\"https:\/\/picassoonline.techotel.dk\/sv\/atellet\/hotel\/booking\/rooms\/\" target=\"_blank\" rel=\"noopener\">Book a room<\/a><\/div>\n<\/div>\n<\/div>\n\n\n\n<div class=\"wp-block-column is-layout-flow wp-block-column-is-layout-flow\" style=\"flex-basis:33.33%;width:33.33%\">\n<figure class=\"wp-block-image size-large\"><img decoding=\"async\" width=\"683\" height=\"1024\" src=\"https:\/\/atellet.se\/wp-content\/uploads\/2024\/12\/0H3A4700-768x1152.jpg-683x1024.webp\" alt=\"\u00c5tellet, hotell\" class=\"wp-image-87\" srcset=\"https:\/\/atellet.se\/wp-content\/uploads\/2024\/12\/0H3A4700-768x1152.jpg-683x1024.webp 683w, https:\/\/atellet.se\/wp-content\/uploads\/2024\/12\/0H3A4700-768x1152.jpg-200x300.webp 200w, https:\/\/atellet.se\/wp-content\/uploads\/2024\/12\/0H3A4700-768x1152.jpg.webp 768w\" sizes=\"(max-width: 683px) 100vw, 683px\" \/><\/figure>\n<\/div>\n<\/div>\n<\/div>","protected":false},"excerpt":{"rendered":"<p>Hotell \u00c5tellet \u00e4r byggt i tr\u00e4 i en stil inspirerad av det sena 1800-talets grosshandlarvillor. Tanken \u00e4r att \u00e5terskapa en del av den karakt\u00e4r som pr\u00e4glade Norrt\u00e4lje vid den h\u00e4r tiden. V\u00e4lm\u00e5ende sk\u00e4rg\u00e5rdsstad, byggd och smyckad i tr\u00e4. Tummelplats f\u00f6r s\u00e5v\u00e4l Albert Engstr\u00f6m-figurer som kung Oscar-gelikar. Ett hotell i Norrt\u00e4lje f\u00f6r alla. V\u00e5ra rum Totala [&hellip;]<\/p>\n","protected":false},"author":1,"featured_media":0,"parent":0,"menu_order":0,"comment_status":"closed","ping_status":"closed","template":"","meta":{"_gspb_post_css":"","greyd_block_editor_preview":[],"iawp_total_views":5969,"footnotes":""},"class_list":["post-86","page","type-page","status-publish","hentry"],"_links":{"self":[{"href":"https:\/\/atellet.se\/en\/wp-json\/wp\/v2\/pages\/86","targetHints":{"allow":["GET"]}}],"collection":[{"href":"https:\/\/atellet.se\/en\/wp-json\/wp\/v2\/pages"}],"about":[{"href":"https:\/\/atellet.se\/en\/wp-json\/wp\/v2\/types\/page"}],"author":[{"embeddable":true,"href":"https:\/\/atellet.se\/en\/wp-json\/wp\/v2\/users\/1"}],"replies":[{"embeddable":true,"href":"https:\/\/atellet.se\/en\/wp-json\/wp\/v2\/comments?post=86"}],"version-history":[{"count":0,"href":"https:\/\/atellet.se\/en\/wp-json\/wp\/v2\/pages\/86\/revisions"}],"wp:attachment":[{"href":"https:\/\/atellet.se\/en\/wp-json\/wp\/v2\/media?parent=86"}],"curies":[{"name":"wp","href":"https:\/\/api.w.org\/{rel}","templated":true}]}}