{"id":93,"date":"2024-12-13T18:44:18","date_gmt":"2024-12-13T17:44:18","guid":{"rendered":"https:\/\/atellet.se\/?page_id=93"},"modified":"2025-05-26T11:39:39","modified_gmt":"2025-05-26T09:39:39","slug":"vara-hotellrum","status":"publish","type":"page","link":"https:\/\/atellet.se\/en\/vara-hotellrum\/","title":{"rendered":"Our hotel rooms"},"content":{"rendered":"<div class=\"wp-block-group alignwide has-global-padding is-layout-constrained wp-block-group-is-layout-constrained\" style=\"padding-top:var(--wp--preset--spacing--large);padding-bottom:var(--wp--preset--spacing--large)\">\n<div class=\"wp-block-media-text alignwide is-stacked-on-mobile\" style=\"grid-template-columns:67% auto\"><figure class=\"wp-block-media-text__media\"><img decoding=\"async\" width=\"576\" height=\"384\" src=\"https:\/\/atellet.se\/wp-content\/uploads\/2024\/12\/Vip-liggande.jpg.webp\" alt=\"\" class=\"wp-image-94 size-full\" srcset=\"https:\/\/atellet.se\/wp-content\/uploads\/2024\/12\/Vip-liggande.jpg.webp 576w, https:\/\/atellet.se\/wp-content\/uploads\/2024\/12\/Vip-liggande.jpg-300x200.webp 300w\" sizes=\"(max-width: 576px) 100vw, 576px\" \/><\/figure><div class=\"wp-block-media-text__content\">\n<h1 class=\"wp-block-heading\" id=\"vara-hotellrum\">Our hotel rooms<\/h1>\n\n\n\n<p>The rooms are decorated in a Nordic, timeless style with an emphasis on comfort and convenience. Furniture and carpentry are specially designed for \u00c5tellet and have been manufactured by a small carpentry workshop in Sm\u00e5land. A fun detail is that all rooms are named and characterized after a hake in our archipelago - decorative sea marks that each have their own special history. Most of our rooms have a wonderful view of the Norrt\u00e4lje bay.<br>Dogs are welcome in some rooms, please let us know in advance if you wish to bring your pet.<\/p>\n\n\n\n<p class=\"has-text-align-center\">Add the finishing touch to your stay with us &amp; order some goodies for your room!<\/p>\n\n\n\n<div class=\"wp-block-buttons is-content-justification-center is-layout-flex wp-container-core-buttons-is-layout-a89b3969 wp-block-buttons-is-layout-flex\">\n<div id=\"greyd-69e87e8982eb1\" class=\"wp-block-button\"><a class=\"wp-block-button__link wp-element-button\" href=\"https:\/\/picassoonline.techotel.dk\/sv\/atellet\/hotel\/booking\/rooms\/\" target=\"_blank\" rel=\"noopener\">Book a room<\/a><\/div>\n\n\n\n<div id=\"greyd-69e87e8982f7a\" class=\"wp-block-button\"><a class=\"wp-block-button__link wp-element-button\" href=\"https:\/\/atellet.se\/en\/tillvalsmeny\/\">Options menu<\/a><\/div>\n<\/div>\n<\/div><\/div>\n\n\n\n<div class=\"wp-block-columns alignwide is-layout-flex wp-container-core-columns-is-layout-28f84493 wp-block-columns-is-layout-flex\">\n<div class=\"wp-block-column col-12 col-sm-auto is-layout-flow wp-block-column-is-layout-flow\" style=\"flex-basis:66.66%;width:66.66%\"><\/div>\n\n\n\n<div class=\"wp-block-column col-12 col-sm-auto is-layout-flow wp-block-column-is-layout-flow\" style=\"flex-basis:33.33%;width:33.33%\"><\/div>\n<\/div>\n<\/div>\n\n\n\n<div class=\"wp-block-group alignwide has-global-padding is-layout-constrained wp-block-group-is-layout-constrained\">\n<div class=\"wp-block-columns alignwide is-layout-flex wp-container-core-columns-is-layout-28f84493 wp-block-columns-is-layout-flex\">\n<div class=\"wp-block-column col-12 col-sm-auto is-layout-flow wp-block-column-is-layout-flow\">\n<figure class=\"wp-block-image size-full\"><img decoding=\"async\" width=\"1280\" height=\"854\" src=\"https:\/\/atellet.se\/wp-content\/uploads\/2025\/01\/Atellet-deluxerum-3.jpeg\" alt=\"\u00c5tellet, enkelrum \" class=\"wp-image-496\" style=\"aspect-ratio:16\/9;object-fit:cover\" srcset=\"https:\/\/atellet.se\/wp-content\/uploads\/2025\/01\/Atellet-deluxerum-3.jpeg 1280w, https:\/\/atellet.se\/wp-content\/uploads\/2025\/01\/Atellet-deluxerum-3-300x200.jpeg 300w, https:\/\/atellet.se\/wp-content\/uploads\/2025\/01\/Atellet-deluxerum-3-1024x683.jpeg 1024w, https:\/\/atellet.se\/wp-content\/uploads\/2025\/01\/Atellet-deluxerum-3-768x512.jpeg 768w\" sizes=\"(max-width: 1280px) 100vw, 1280px\" \/><\/figure>\n\n\n\n<h2 class=\"wp-block-heading\" id=\"enkelrum\">Single room<\/h2>\n\n\n\n<p>Nordic Swan Ecolabeled bed, a comfortable armchair to sink into with a book. Solid wood floors, shower and toilet with tiled floor. The apartment has 4 single rooms.<\/p>\n<\/div>\n\n\n\n<div class=\"wp-block-column is-layout-flow wp-block-column-is-layout-flow\">\n<figure class=\"wp-block-image size-full\"><img decoding=\"async\" width=\"1280\" height=\"854\" src=\"https:\/\/atellet.se\/wp-content\/uploads\/2025\/01\/A\u030atellet-dubbelrum-stor.jpeg\" alt=\"\u00c5teller dubbelrum\" class=\"wp-image-532\" style=\"aspect-ratio:16\/9;object-fit:cover\" srcset=\"https:\/\/atellet.se\/wp-content\/uploads\/2025\/01\/A\u030atellet-dubbelrum-stor.jpeg 1280w, https:\/\/atellet.se\/wp-content\/uploads\/2025\/01\/A\u030atellet-dubbelrum-stor-300x200.jpeg 300w, https:\/\/atellet.se\/wp-content\/uploads\/2025\/01\/A\u030atellet-dubbelrum-stor-1024x683.jpeg 1024w, https:\/\/atellet.se\/wp-content\/uploads\/2025\/01\/A\u030atellet-dubbelrum-stor-768x512.jpeg 768w\" sizes=\"(max-width: 1280px) 100vw, 1280px\" \/><\/figure>\n\n\n\n<h2 class=\"wp-block-heading\" id=\"dubbelrum\">Double room<\/h2>\n\n\n\n<p>The double rooms have a Nordic Swan Ecolabeled double bed, two comfortable armchairs, solid wood floors, shower, some with bathtub and toilet with tiled floor. Several rooms have a French balcony. In total we have 11 double rooms.<\/p>\n<\/div>\n<\/div>\n\n\n\n<div class=\"wp-block-columns alignwide is-layout-flex wp-container-core-columns-is-layout-28f84493 wp-block-columns-is-layout-flex\">\n<div class=\"wp-block-column col-12 col-sm-auto is-layout-flow wp-block-column-is-layout-flow\">\n<figure class=\"wp-block-image size-full\"><img decoding=\"async\" width=\"1280\" height=\"854\" src=\"https:\/\/atellet.se\/wp-content\/uploads\/2025\/01\/A\u030atellet-deluxerum-stor.jpeg\" alt=\"\u00c5tellet, deluxrum\" class=\"wp-image-533\" style=\"aspect-ratio:16\/9;object-fit:cover\" srcset=\"https:\/\/atellet.se\/wp-content\/uploads\/2025\/01\/A\u030atellet-deluxerum-stor.jpeg 1280w, https:\/\/atellet.se\/wp-content\/uploads\/2025\/01\/A\u030atellet-deluxerum-stor-300x200.jpeg 300w, https:\/\/atellet.se\/wp-content\/uploads\/2025\/01\/A\u030atellet-deluxerum-stor-1024x683.jpeg 1024w, https:\/\/atellet.se\/wp-content\/uploads\/2025\/01\/A\u030atellet-deluxerum-stor-768x512.jpeg 768w\" sizes=\"(max-width: 1280px) 100vw, 1280px\" \/><\/figure>\n\n\n\n<h2 class=\"wp-block-heading\" id=\"deluxrum\">Deluxe room<\/h2>\n\n\n\n<p>All Delux double rooms have a large balcony with seating for several people. You will find a Nordic Swan Ecolabeled double bed, two comfortable armchairs, solid wood floors, shower, some with bathtub and toilet with tiled floor. In total there are 5 deluxe rooms.<\/p>\n<\/div>\n\n\n\n<div class=\"wp-block-column is-layout-flow wp-block-column-is-layout-flow\">\n<figure class=\"wp-block-image size-full\"><img decoding=\"async\" width=\"1280\" height=\"854\" src=\"https:\/\/atellet.se\/wp-content\/uploads\/2025\/01\/Atellet-familjerum-stor.jpeg\" alt=\"\u00c5tellet, familjerum\" class=\"wp-image-523\" style=\"aspect-ratio:16\/9;object-fit:cover\" srcset=\"https:\/\/atellet.se\/wp-content\/uploads\/2025\/01\/Atellet-familjerum-stor.jpeg 1280w, https:\/\/atellet.se\/wp-content\/uploads\/2025\/01\/Atellet-familjerum-stor-300x200.jpeg 300w, https:\/\/atellet.se\/wp-content\/uploads\/2025\/01\/Atellet-familjerum-stor-1024x683.jpeg 1024w, https:\/\/atellet.se\/wp-content\/uploads\/2025\/01\/Atellet-familjerum-stor-768x512.jpeg 768w\" sizes=\"(max-width: 1280px) 100vw, 1280px\" \/><\/figure>\n\n\n\n<h2 class=\"wp-block-heading\" id=\"familjerum\">Family room<\/h2>\n\n\n\n<p>In the family rooms there is a Swan-labeled double bed and a 90 bed, two comfortable armchairs, solid wood floors, shower and toilet with tiled floor. In total we have 2 family rooms.<\/p>\n<\/div>\n<\/div>\n<\/div>","protected":false},"excerpt":{"rendered":"<p>V\u00e5ra hotellrum Rummen \u00e4r inredda i nordisk, tidl\u00f6s stil med emfas p\u00e5 trivsel och bekv\u00e4mlighet. M\u00f6bler och snickerier \u00e4r specialritade f\u00f6r \u00c5tellet och har tillverkats av ett litet snickeri i Sm\u00e5land. En rolig detalj \u00e4r att alla rum b\u00e4r namn och karakt\u00e4r efter en kummel i v\u00e5r sk\u00e4rg\u00e5rd \u2013 dekorativa sj\u00f6m\u00e4rken som var och en [&hellip;]<\/p>\n","protected":false},"author":1,"featured_media":0,"parent":0,"menu_order":0,"comment_status":"closed","ping_status":"closed","template":"","meta":{"_gspb_post_css":"","greyd_block_editor_preview":[],"iawp_total_views":5422,"footnotes":""},"class_list":["post-93","page","type-page","status-publish","hentry"],"_links":{"self":[{"href":"https:\/\/atellet.se\/en\/wp-json\/wp\/v2\/pages\/93","targetHints":{"allow":["GET"]}}],"collection":[{"href":"https:\/\/atellet.se\/en\/wp-json\/wp\/v2\/pages"}],"about":[{"href":"https:\/\/atellet.se\/en\/wp-json\/wp\/v2\/types\/page"}],"author":[{"embeddable":true,"href":"https:\/\/atellet.se\/en\/wp-json\/wp\/v2\/users\/1"}],"replies":[{"embeddable":true,"href":"https:\/\/atellet.se\/en\/wp-json\/wp\/v2\/comments?post=93"}],"version-history":[{"count":0,"href":"https:\/\/atellet.se\/en\/wp-json\/wp\/v2\/pages\/93\/revisions"}],"wp:attachment":[{"href":"https:\/\/atellet.se\/en\/wp-json\/wp\/v2\/media?parent=93"}],"curies":[{"name":"wp","href":"https:\/\/api.w.org\/{rel}","templated":true}]}}